{"id":28909,"date":"2020-01-01T15:09:56","date_gmt":"2020-01-01T15:09:56","guid":{"rendered":"https:\/\/www.thintanks.de\/home-2\/"},"modified":"2020-01-01T15:09:56","modified_gmt":"2020-01-01T15:09:56","slug":"home-2","status":"publish","type":"page","link":"https:\/\/www.thintanks.de\/at\/home-2\/","title":{"rendered":"Home"},"content":{"rendered":"<h1>Finden Sie Ihren Vertriebspartner f\u00fcr <br \/>ThinTanks!<\/h1>\n<p>\t\t\t<a href=\"https:\/\/www.thintanks.de\/at\/anfrage-fuer-geschaeftskunden\/\"><br \/>\n\t\t\t\t\t\tGesch\u00e4ftskunden<br \/>\n\t\t\t\t\t<\/a><br \/>\n\t\t\t<a href=\"https:\/\/www.thintanks.de\/goto\/dealer\/\"><br \/>\n\t\t\t\t\t\tPrivatkunden<br \/>\n\t\t\t\t\t<\/a><\/p>\n<h2>ThinTanks<\/h2>\n<h3>Willkommen in der Welt der nachhaltigen Regenwassernutzung<\/h3>\n<p>Unsere innovativen, <strong>platzsparenden Regenwassertanks<\/strong> sind in den Kapazit\u00e4ten <strong>1000 Liter und 2000 Liter<\/strong> erh\u00e4ltlich und bieten sowohl f\u00fcr private Haushalte als auch f\u00fcr gewerbliche Einrichtungen die perfekte L\u00f6sung. Das zeitgem\u00e4\u00dfe Design von ThinTanks verbindet Funktionalit\u00e4t mit \u00c4sthetik, wodurch sich unsere Tanks nahtlos in jede Umgebung einf\u00fcgen. Durch die effiziente Nutzung von Regenwasser tragen Sie aktiv zum <b>Umweltschutz<\/b> bei und verbessern gleichzeitig die <strong>Wasserverwaltung<\/strong> Ihres Grundst\u00fccks.\u00a0<\/p>\n<p>Mit <b>ThinTanks<\/b> treffen Sie eine nachhaltige Wahl, die Ihnen erm\u00f6glicht, die Ressource Wasser auf intelligente Weise zu nutzen und dabei das Erscheinungsbild Ihres Au\u00dfenbereichs zu verbessern. Erkunden Sie unsere breite Produktvielfalt und finden Sie den idealen Tank, der Ihren individuellen Bed\u00fcrfnissen entspricht. Unsere Produkte sind nicht nur eine <b>Investition in die Umwelt<\/b>, sondern auch eine optische Aufwertung f\u00fcr Ihr Zuhause oder Ihr Gesch\u00e4ft.<\/p>\n<p>\t\t\t\t\t\t\t<a href=\"https:\/\/www.thintanks.de\/wp-content\/uploads\/2023\/10\/thintank_gallery_landscape1.jpg\" data-elementor-open-lightbox=\"yes\" data-elementor-lightbox-slideshow=\"aef5a8c\" data-elementor-lightbox-title=\"thintank_gallery_landscape1\" data-e-action-hash=\"#elementor-action%3Aaction%3Dlightbox%26settings%3DeyJpZCI6Mjc2NTQsInVybCI6Imh0dHBzOlwvXC93d3cudGhpbnRhbmtzLmRlXC93cC1jb250ZW50XC91cGxvYWRzXC8yMDIzXC8xMFwvdGhpbnRhbmtfZ2FsbGVyeV9sYW5kc2NhcGUxLmpwZyIsInNsaWRlc2hvdyI6ImFlZjVhOGMifQ%3D%3D\"><br \/>\n\t\t\t\t\t\t\t\t\t\t\t\t\t\t<\/a><br \/>\n\t\t\t\t\t\t\t<a href=\"https:\/\/www.thintanks.de\/wp-content\/uploads\/2023\/10\/thintank_gallery_landscape3.jpg\" data-elementor-open-lightbox=\"yes\" data-elementor-lightbox-slideshow=\"aef5a8c\" data-elementor-lightbox-title=\"thintank_gallery_landscape3\" data-e-action-hash=\"#elementor-action%3Aaction%3Dlightbox%26settings%3DeyJpZCI6Mjc2NjgsInVybCI6Imh0dHBzOlwvXC93d3cudGhpbnRhbmtzLmRlXC93cC1jb250ZW50XC91cGxvYWRzXC8yMDIzXC8xMFwvdGhpbnRhbmtfZ2FsbGVyeV9sYW5kc2NhcGUzLmpwZyIsInNsaWRlc2hvdyI6ImFlZjVhOGMifQ%3D%3D\"><br \/>\n\t\t\t\t\t\t\t\t\t\t\t\t\t\t<\/a><br \/>\n\t\t\t\t\t\t\t<a href=\"https:\/\/www.thintanks.de\/wp-content\/uploads\/2023\/10\/thintank_gallery_landscape4.jpg\" data-elementor-open-lightbox=\"yes\" data-elementor-lightbox-slideshow=\"aef5a8c\" data-elementor-lightbox-title=\"thintank_gallery_landscape4\" data-e-action-hash=\"#elementor-action%3Aaction%3Dlightbox%26settings%3DeyJpZCI6Mjc2NzUsInVybCI6Imh0dHBzOlwvXC93d3cudGhpbnRhbmtzLmRlXC93cC1jb250ZW50XC91cGxvYWRzXC8yMDIzXC8xMFwvdGhpbnRhbmtfZ2FsbGVyeV9sYW5kc2NhcGU0LmpwZyIsInNsaWRlc2hvdyI6ImFlZjVhOGMifQ%3D%3D\"><br \/>\n\t\t\t\t\t\t\t\t\t\t\t\t\t\t<\/a><br \/>\n\t\t\t\t\t\t\t<a href=\"https:\/\/www.thintanks.de\/wp-content\/uploads\/2023\/10\/thintank_gallery_landscape5.jpg\" data-elementor-open-lightbox=\"yes\" data-elementor-lightbox-slideshow=\"aef5a8c\" data-elementor-lightbox-title=\"thintank_gallery_landscape5\" data-e-action-hash=\"#elementor-action%3Aaction%3Dlightbox%26settings%3DeyJpZCI6Mjc2ODIsInVybCI6Imh0dHBzOlwvXC93d3cudGhpbnRhbmtzLmRlXC93cC1jb250ZW50XC91cGxvYWRzXC8yMDIzXC8xMFwvdGhpbnRhbmtfZ2FsbGVyeV9sYW5kc2NhcGU1LmpwZyIsInNsaWRlc2hvdyI6ImFlZjVhOGMifQ%3D%3D\"><br \/>\n\t\t\t\t\t\t\t\t\t\t\t\t\t\t<\/a><br \/>\n\t\t\t\t\t\t\t<a href=\"https:\/\/www.thintanks.de\/wp-content\/uploads\/2023\/10\/thintank_gallery_landscape6.jpg\" data-elementor-open-lightbox=\"yes\" data-elementor-lightbox-slideshow=\"aef5a8c\" data-elementor-lightbox-title=\"thintank_gallery_landscape6\" data-e-action-hash=\"#elementor-action%3Aaction%3Dlightbox%26settings%3DeyJpZCI6Mjc2ODksInVybCI6Imh0dHBzOlwvXC93d3cudGhpbnRhbmtzLmRlXC93cC1jb250ZW50XC91cGxvYWRzXC8yMDIzXC8xMFwvdGhpbnRhbmtfZ2FsbGVyeV9sYW5kc2NhcGU2LmpwZyIsInNsaWRlc2hvdyI6ImFlZjVhOGMifQ%3D%3D\"><br \/>\n\t\t\t\t\t\t\t\t\t\t\t\t\t\t<\/a><br \/>\n\t\t\t\t\t\t\t<a href=\"https:\/\/www.thintanks.de\/wp-content\/uploads\/2023\/10\/thintank_gallery_landscape7.jpg\" data-elementor-open-lightbox=\"yes\" data-elementor-lightbox-slideshow=\"aef5a8c\" data-elementor-lightbox-title=\"thintank_gallery_landscape7\" data-e-action-hash=\"#elementor-action%3Aaction%3Dlightbox%26settings%3DeyJpZCI6Mjc2OTYsInVybCI6Imh0dHBzOlwvXC93d3cudGhpbnRhbmtzLmRlXC93cC1jb250ZW50XC91cGxvYWRzXC8yMDIzXC8xMFwvdGhpbnRhbmtfZ2FsbGVyeV9sYW5kc2NhcGU3LmpwZyIsInNsaWRlc2hvdyI6ImFlZjVhOGMifQ%3D%3D\"><br \/>\n\t\t\t\t\t\t\t\t\t\t\t\t\t\t<\/a><br \/>\n\t\t\t\t\t\t\t<a href=\"https:\/\/www.thintanks.de\/wp-content\/uploads\/2023\/10\/thintank_gallery_landscape8.jpg\" data-elementor-open-lightbox=\"yes\" data-elementor-lightbox-slideshow=\"aef5a8c\" data-elementor-lightbox-title=\"thintank_gallery_landscape8\" data-e-action-hash=\"#elementor-action%3Aaction%3Dlightbox%26settings%3DeyJpZCI6Mjc3MDMsInVybCI6Imh0dHBzOlwvXC93d3cudGhpbnRhbmtzLmRlXC93cC1jb250ZW50XC91cGxvYWRzXC8yMDIzXC8xMFwvdGhpbnRhbmtfZ2FsbGVyeV9sYW5kc2NhcGU4LmpwZyIsInNsaWRlc2hvdyI6ImFlZjVhOGMifQ%3D%3D\"><br \/>\n\t\t\t\t\t\t\t\t\t\t\t\t\t\t<\/a><br \/>\n\t\t\t\t\t\t\t<a href=\"https:\/\/www.thintanks.de\/wp-content\/uploads\/2023\/10\/thintank_gallery_landscape9.jpg\" data-elementor-open-lightbox=\"yes\" data-elementor-lightbox-slideshow=\"aef5a8c\" data-elementor-lightbox-title=\"thintank_gallery_landscape9\" data-e-action-hash=\"#elementor-action%3Aaction%3Dlightbox%26settings%3DeyJpZCI6Mjc3MTAsInVybCI6Imh0dHBzOlwvXC93d3cudGhpbnRhbmtzLmRlXC93cC1jb250ZW50XC91cGxvYWRzXC8yMDIzXC8xMFwvdGhpbnRhbmtfZ2FsbGVyeV9sYW5kc2NhcGU5LmpwZyIsInNsaWRlc2hvdyI6ImFlZjVhOGMifQ%3D%3D\"><br \/>\n\t\t\t\t\t\t\t\t\t\t\t\t\t\t<\/a><br \/>\n\t\t\t\t\t\t\t<a href=\"https:\/\/www.thintanks.de\/wp-content\/uploads\/2023\/10\/thintank_gallery_landscape10.jpg\" data-elementor-open-lightbox=\"yes\" data-elementor-lightbox-slideshow=\"aef5a8c\" data-elementor-lightbox-title=\"thintank_gallery_landscape10\" data-e-action-hash=\"#elementor-action%3Aaction%3Dlightbox%26settings%3DeyJpZCI6Mjc3MTcsInVybCI6Imh0dHBzOlwvXC93d3cudGhpbnRhbmtzLmRlXC93cC1jb250ZW50XC91cGxvYWRzXC8yMDIzXC8xMFwvdGhpbnRhbmtfZ2FsbGVyeV9sYW5kc2NhcGUxMC5qcGciLCJzbGlkZXNob3ciOiJhZWY1YThjIn0%3D\"><br \/>\n\t\t\t\t\t\t\t\t\t\t\t\t\t\t<\/a><br \/>\n\t\t\t\t\t\t\t<a href=\"https:\/\/www.thintanks.de\/wp-content\/uploads\/2023\/10\/thintank_gallery_landscape11.jpg\" data-elementor-open-lightbox=\"yes\" data-elementor-lightbox-slideshow=\"aef5a8c\" data-elementor-lightbox-title=\"thintank_gallery_landscape11\" data-e-action-hash=\"#elementor-action%3Aaction%3Dlightbox%26settings%3DeyJpZCI6Mjc3MjQsInVybCI6Imh0dHBzOlwvXC93d3cudGhpbnRhbmtzLmRlXC93cC1jb250ZW50XC91cGxvYWRzXC8yMDIzXC8xMFwvdGhpbnRhbmtfZ2FsbGVyeV9sYW5kc2NhcGUxMS5qcGciLCJzbGlkZXNob3ciOiJhZWY1YThjIn0%3D\"><br \/>\n\t\t\t\t\t\t\t\t\t\t\t\t\t\t<\/a><br \/>\n\t\t\t\t\t\t\t<a href=\"https:\/\/www.thintanks.de\/wp-content\/uploads\/2023\/10\/thintank_gallery_portrait1.jpg\" data-elementor-open-lightbox=\"yes\" data-elementor-lightbox-slideshow=\"aef5a8c\" data-elementor-lightbox-title=\"thintank_gallery_portrait1\" data-e-action-hash=\"#elementor-action%3Aaction%3Dlightbox%26settings%3DeyJpZCI6Mjc3MzEsInVybCI6Imh0dHBzOlwvXC93d3cudGhpbnRhbmtzLmRlXC93cC1jb250ZW50XC91cGxvYWRzXC8yMDIzXC8xMFwvdGhpbnRhbmtfZ2FsbGVyeV9wb3J0cmFpdDEuanBnIiwic2xpZGVzaG93IjoiYWVmNWE4YyJ9\"><br \/>\n\t\t\t\t\t\t\t\t\t\t\t\t\t\t<\/a><br \/>\n\t\t\t\t\t\t\t<a href=\"https:\/\/www.thintanks.de\/wp-content\/uploads\/2023\/10\/thintank_gallery_portrait2.jpg\" data-elementor-open-lightbox=\"yes\" data-elementor-lightbox-slideshow=\"aef5a8c\" data-elementor-lightbox-title=\"thintank_gallery_portrait2\" data-e-action-hash=\"#elementor-action%3Aaction%3Dlightbox%26settings%3DeyJpZCI6Mjc3MzgsInVybCI6Imh0dHBzOlwvXC93d3cudGhpbnRhbmtzLmRlXC93cC1jb250ZW50XC91cGxvYWRzXC8yMDIzXC8xMFwvdGhpbnRhbmtfZ2FsbGVyeV9wb3J0cmFpdDIuanBnIiwic2xpZGVzaG93IjoiYWVmNWE4YyJ9\"><br \/>\n\t\t\t\t\t\t\t\t\t\t\t\t\t\t<\/a><br \/>\n\t\t\t\t\t\t\t<a href=\"https:\/\/www.thintanks.de\/wp-content\/uploads\/2023\/10\/thintank_gallery_portrait3.jpg\" data-elementor-open-lightbox=\"yes\" data-elementor-lightbox-slideshow=\"aef5a8c\" data-elementor-lightbox-title=\"thintank_gallery_portrait3\" data-e-action-hash=\"#elementor-action%3Aaction%3Dlightbox%26settings%3DeyJpZCI6Mjc3NDUsInVybCI6Imh0dHBzOlwvXC93d3cudGhpbnRhbmtzLmRlXC93cC1jb250ZW50XC91cGxvYWRzXC8yMDIzXC8xMFwvdGhpbnRhbmtfZ2FsbGVyeV9wb3J0cmFpdDMuanBnIiwic2xpZGVzaG93IjoiYWVmNWE4YyJ9\"><br \/>\n\t\t\t\t\t\t\t\t\t\t\t\t\t\t<\/a><br \/>\n\t\t\t\t\t\t\t<a href=\"https:\/\/www.thintanks.de\/wp-content\/uploads\/2023\/10\/thintank_gallery_portrait4.jpg\" data-elementor-open-lightbox=\"yes\" data-elementor-lightbox-slideshow=\"aef5a8c\" data-elementor-lightbox-title=\"thintank_gallery_portrait4\" data-e-action-hash=\"#elementor-action%3Aaction%3Dlightbox%26settings%3DeyJpZCI6Mjc3NTIsInVybCI6Imh0dHBzOlwvXC93d3cudGhpbnRhbmtzLmRlXC93cC1jb250ZW50XC91cGxvYWRzXC8yMDIzXC8xMFwvdGhpbnRhbmtfZ2FsbGVyeV9wb3J0cmFpdDQuanBnIiwic2xpZGVzaG93IjoiYWVmNWE4YyJ9\"><br \/>\n\t\t\t\t\t\t\t\t\t\t\t\t\t\t<\/a><br \/>\n\t\t\t\t\t\t\t<a href=\"https:\/\/www.thintanks.de\/wp-content\/uploads\/2023\/10\/thintank_gallery_portrait5.jpg\" data-elementor-open-lightbox=\"yes\" data-elementor-lightbox-slideshow=\"aef5a8c\" data-elementor-lightbox-title=\"thintank_gallery_portrait5\" data-e-action-hash=\"#elementor-action%3Aaction%3Dlightbox%26settings%3DeyJpZCI6Mjc3NTksInVybCI6Imh0dHBzOlwvXC93d3cudGhpbnRhbmtzLmRlXC93cC1jb250ZW50XC91cGxvYWRzXC8yMDIzXC8xMFwvdGhpbnRhbmtfZ2FsbGVyeV9wb3J0cmFpdDUuanBnIiwic2xpZGVzaG93IjoiYWVmNWE4YyJ9\"><br \/>\n\t\t\t\t\t\t\t\t\t\t\t\t\t\t<\/a><br \/>\n\t\t\t\t\t\t\t<a href=\"https:\/\/www.thintanks.de\/wp-content\/uploads\/2023\/10\/thintank_gallery_portrait6.jpg\" data-elementor-open-lightbox=\"yes\" data-elementor-lightbox-slideshow=\"aef5a8c\" data-elementor-lightbox-title=\"thintank_gallery_portrait6\" data-e-action-hash=\"#elementor-action%3Aaction%3Dlightbox%26settings%3DeyJpZCI6Mjc3NjYsInVybCI6Imh0dHBzOlwvXC93d3cudGhpbnRhbmtzLmRlXC93cC1jb250ZW50XC91cGxvYWRzXC8yMDIzXC8xMFwvdGhpbnRhbmtfZ2FsbGVyeV9wb3J0cmFpdDYuanBnIiwic2xpZGVzaG93IjoiYWVmNWE4YyJ9\"><br \/>\n\t\t\t\t\t\t\t\t\t\t\t\t\t\t<\/a><\/p>\n<h2>Unsere vielf\u00e4ltige ThinTanks Produktlinie<\/h2>\n<p>Entdecken Sie die <strong>hohe Qualit\u00e4t<\/strong> und das <strong>innovative Design<\/strong> der ThinTanks Produktlinie. Ob Sie sich f\u00fcr das mittelgro\u00dfe <strong>1000-Liter-Modell<\/strong> oder das gro\u00dfz\u00fcgige <strong>2000-Liter-Modell<\/strong> entscheiden, jedes Produkt ist darauf ausgerichtet, eine <strong>effiziente und \u00e4sthetisch ansprechende Regenwasserspeicherl\u00f6sung<\/strong> zu bieten.<\/p>\n<p>Unsere Produktlinie bietet eine <strong>nachhaltige L\u00f6sung<\/strong> f\u00fcr die Wasserbewirtschaftung und unterst\u00fctzt Sie dabei, <strong>Umweltbewusstsein<\/strong> mit modernem Wohnkomfort zu verbinden.<\/p>\n<h2>1000 Liter ThinTank Series 2<br \/>\n<\/h2>\n<p>\t\t\t\t\t\t\t\t\t\t\t\t\t\t\t<img loading=\"lazy\" decoding=\"async\" width=\"800\" height=\"670\" src=\"https:\/\/www.thintanks.de\/wp-content\/uploads\/2023\/10\/thintank_1000l_s2-2.jpg\" alt=\"ThinTank 1000 Liter Series 2\" loading=\"lazy\" srcset=\"https:\/\/www.thintanks.de\/wp-content\/uploads\/2023\/10\/thintank_1000l_s2-2.jpg 886w, https:\/\/www.thintanks.de\/wp-content\/uploads\/2023\/10\/thintank_1000l_s2-2-300x251.jpg 300w, https:\/\/www.thintanks.de\/wp-content\/uploads\/2023\/10\/thintank_1000l_s2-2-768x643.jpg 768w\" sizes=\"auto, (max-width: 800px) 100vw, 800px\" title=\"\">\t\t\t\t\t\t\t\t\t\t\t\t\t\t\t<\/p>\n<h4>2395 mm (L) x 1975 mm (H) x 260 mm (W)<\/h4>\n<p>Die 1000 Liter Serie 2 ThinTank zeichnet sich durch eine Breite von lediglich 260mm aus! Sie ist der schmalste Poly-Tank auf dem Markt und eignet sich ideal f\u00fcr kleinere G\u00e4rten mit begrenztem Platzangebot, dank ihrer zaun\u00e4hnlichen Optik. Die thintanks k\u00f6nnen entweder an einer Au\u00dfenwand des Geb\u00e4udes angebracht oder mittels der Pfostenhalterung freistehend positioniert werden, und somit auch als Zaun fungieren!<\/p>\n<h2>2000 Liter ThinTank<\/h2>\n<p>\t\t\t\t\t\t\t\t\t\t\t\t\t\t\t<img loading=\"lazy\" decoding=\"async\" width=\"800\" height=\"670\" src=\"https:\/\/www.thintanks.de\/wp-content\/uploads\/2023\/10\/thintank_2000l.jpg\" alt=\"ThinTank 2000 L\" loading=\"lazy\" srcset=\"https:\/\/www.thintanks.de\/wp-content\/uploads\/2023\/10\/thintank_2000l.jpg 886w, https:\/\/www.thintanks.de\/wp-content\/uploads\/2023\/10\/thintank_2000l-300x251.jpg 300w, https:\/\/www.thintanks.de\/wp-content\/uploads\/2023\/10\/thintank_2000l-768x643.jpg 768w\" sizes=\"auto, (max-width: 800px) 100vw, 800px\" title=\"\">\t\t\t\t\t\t\t\t\t\t\t\t\t\t\t<\/p>\n<h4>2395 mm (L) x 1975 mm (H) x 470 mm (W)<\/h4>\n<p>Die 2000 Liter Serie ThinTank sticht mit einer Breite von lediglich 470mm hervor! Sie repr\u00e4sentiert den schmalsten Poly-Tank in dieser Kapazit\u00e4tsklasse auf dem Markt und eignet sich hervorragend f\u00fcr jene, die ein Mehr an Wasserkapazit\u00e4t ben\u00f6tigen, ohne dabei auf eine architektonisch und \u00e4sthetisch ansprechende Optik verzichten zu wollen. Trennung dienen!<\/p>\n<h3>Verf\u00fcgbare Farben<\/h3>\n<p>Licht-Grau<\/p>\n<p>Schiefer-Grau<\/p>\n<p>Anthrazit-Grau<\/p>\n<p>Ziegelsteinrot<\/p>\n<p>Laubgr\u00fcn<\/p>\n<p>Espresso-Schwarz<\/p>\n","protected":false},"excerpt":{"rendered":"<p>Finden Sie Ihren Vertriebspartner f\u00fcr ThinTanks! Gesch\u00e4ftskunden Privatkunden ThinTanks Willkommen in der Welt der nachhaltigen Regenwassernutzung Unsere innovativen, platzsparenden Regenwassertanks sind in den Kapazit\u00e4ten 1000 Liter und 2000 Liter erh\u00e4ltlich und bieten sowohl f\u00fcr private Haushalte als auch f\u00fcr gewerbliche Einrichtungen die perfekte L\u00f6sung. Das zeitgem\u00e4\u00dfe Design von ThinTanks verbindet Funktionalit\u00e4t mit \u00c4sthetik, wodurch sich [&hellip;]<\/p>\n","protected":false},"author":3,"featured_media":0,"parent":0,"menu_order":0,"comment_status":"closed","ping_status":"closed","template":"","meta":{"footnotes":""},"class_list":["post-28909","page","type-page","status-publish","hentry"],"_links":{"self":[{"href":"https:\/\/www.thintanks.de\/at\/wp-json\/wp\/v2\/pages\/28909","targetHints":{"allow":["GET"]}}],"collection":[{"href":"https:\/\/www.thintanks.de\/at\/wp-json\/wp\/v2\/pages"}],"about":[{"href":"https:\/\/www.thintanks.de\/at\/wp-json\/wp\/v2\/types\/page"}],"author":[{"embeddable":true,"href":"https:\/\/www.thintanks.de\/at\/wp-json\/wp\/v2\/users\/3"}],"replies":[{"embeddable":true,"href":"https:\/\/www.thintanks.de\/at\/wp-json\/wp\/v2\/comments?post=28909"}],"version-history":[{"count":0,"href":"https:\/\/www.thintanks.de\/at\/wp-json\/wp\/v2\/pages\/28909\/revisions"}],"wp:attachment":[{"href":"https:\/\/www.thintanks.de\/at\/wp-json\/wp\/v2\/media?parent=28909"}],"curies":[{"name":"wp","href":"https:\/\/api.w.org\/{rel}","templated":true}]}}