{"id":28892,"date":"2023-10-12T13:21:14","date_gmt":"2023-10-12T11:21:14","guid":{"rendered":"https:\/\/www.thintanks.de\/anfrage-fuer-geschaeftskunden\/"},"modified":"2023-10-12T13:21:14","modified_gmt":"2023-10-12T13:21:14","slug":"anfrage-fuer-geschaeftskunden","status":"publish","type":"page","link":"https:\/\/www.thintanks.de\/ch\/anfrage-fuer-geschaeftskunden\/","title":{"rendered":"Anfrage f\u00fcr Gesch\u00e4ftskunden"},"content":{"rendered":"\t\t<div data-elementor-type=\"wp-page\" data-elementor-id=\"28892\" class=\"elementor elementor-28892 elementor-27042\" data-elementor-post-type=\"page\">\n\t\t\t\t<div class=\"elementor-element elementor-element-cb938a8 e-flex e-con-boxed e-con e-parent\" data-id=\"cb938a8\" data-element_type=\"container\">\n\t\t\t\t\t<div class=\"e-con-inner\">\n\t\t\t\t<div class=\"elementor-element elementor-element-1fa3064 elementor-widget elementor-widget-heading\" data-id=\"1fa3064\" data-element_type=\"widget\" data-widget_type=\"heading.default\">\n\t\t\t\t<div class=\"elementor-widget-container\">\n\t\t\t\t\t<h2 class=\"elementor-heading-title elementor-size-default\">Entdecken Sie ThinTanks f\u00fcr Ihr Unternehmen<\/h2>\t\t\t\t<\/div>\n\t\t\t\t<\/div>\n\t\t\t\t<div class=\"elementor-element elementor-element-e2d39cd elementor-widget elementor-widget-text-editor\" data-id=\"e2d39cd\" data-element_type=\"widget\" data-widget_type=\"text-editor.default\">\n\t\t\t\t<div class=\"elementor-widget-container\">\n\t\t\t\t\t\t\t\t\t<p>Wir sch\u00e4tzen Ihr Interesse an unseren <b>nachhaltigen ThinTanks Regenwassertanks<\/b> f\u00fcr Ihr Unternehmen sehr. Es ist unser Ziel, Sie mit qualitativ hochwertigen und umweltfreundlichen L\u00f6sungen zu unterst\u00fctzen, die auf Ihre spezifischen Bed\u00fcrfnisse zugeschnitten sind. Mit <b>ThinTanks<\/b> entscheiden Sie sich f\u00fcr eine effiziente und nachhaltige Wasserbewirtschaftung, die den Anforderungen Ihres Unternehmens gerecht wird.<\/p><p>Das nachfolgende <b>Anfrageformular<\/b> steht Ihnen zur Verf\u00fcgung, um eine individuelle Anfrage zu stellen. Unsere erfahrenen Berater freuen sich darauf, Sie umfassend zu unterst\u00fctzen und gemeinsam mit Ihnen die optimale L\u00f6sung zu ermitteln. Mit einer <b>professionellen Beratung<\/b> begleiten wir Sie durch den Prozess, um sicherzustellen, dass Ihre Auswahl Ihnen maximale Vorteile bietet.<\/p>\t\t\t\t\t\t\t\t<\/div>\n\t\t\t\t<\/div>\n\t\t\t\t\t<\/div>\n\t\t\t\t<\/div>\n\t\t<div class=\"elementor-element elementor-element-6e6daa1 e-flex e-con-boxed e-con e-parent\" data-id=\"6e6daa1\" data-element_type=\"container\">\n\t\t\t\t\t<div class=\"e-con-inner\">\n\t\t\t\t<div class=\"elementor-element elementor-element-f7aefff elementor-widget elementor-widget-heading\" data-id=\"f7aefff\" data-element_type=\"widget\" data-widget_type=\"heading.default\">\n\t\t\t\t<div class=\"elementor-widget-container\">\n\t\t\t\t\t<h2 class=\"elementor-heading-title elementor-size-default\">Anfrageformular<\/h2>\t\t\t\t<\/div>\n\t\t\t\t<\/div>\n\t\t\t\t<div class=\"elementor-element elementor-element-3333735 elementor-button-align-start elementor-widget elementor-widget-form\" data-id=\"3333735\" data-element_type=\"widget\" data-settings=\"{&quot;step_next_label&quot;:&quot;Next&quot;,&quot;step_previous_label&quot;:&quot;Previous&quot;,&quot;button_width&quot;:&quot;100&quot;,&quot;step_type&quot;:&quot;number_text&quot;,&quot;step_icon_shape&quot;:&quot;circle&quot;}\" data-widget_type=\"form.default\">\n\t\t\t\t<div class=\"elementor-widget-container\">\n\t\t\t\t\t\t\t<form class=\"elementor-form\" method=\"post\" name=\"Kontaktformular - Gesch\u00e4ftskunden\" aria-label=\"Kontaktformular - Gesch\u00e4ftskunden\">\n\t\t\t<input type=\"hidden\" name=\"post_id\" value=\"28892\"\/>\n\t\t\t<input type=\"hidden\" name=\"form_id\" value=\"3333735\"\/>\n\t\t\t<input type=\"hidden\" name=\"referer_title\" value=\"Anfrage f\u00fcr Gesch\u00e4ftskunden - ThinTanks\" \/>\n\n\t\t\t\t\t\t\t<input type=\"hidden\" name=\"queried_id\" value=\"28892\"\/>\n\t\t\t\n\t\t\t<div class=\"elementor-form-fields-wrapper elementor-labels-above\">\n\t\t\t\t\t\t\t\t<div class=\"elementor-field-type-text elementor-field-group elementor-column elementor-field-group-field_0756a6c elementor-col-100 elementor-field-required elementor-mark-required\">\n\t\t\t\t\t\t\t\t\t\t\t\t<label for=\"form-field-field_0756a6c\" class=\"elementor-field-label\">\n\t\t\t\t\t\t\t\tUnternehmen\t\t\t\t\t\t\t<\/label>\n\t\t\t\t\t\t\t\t\t\t\t\t\t\t<input size=\"1\" type=\"text\" name=\"form_fields[field_0756a6c]\" id=\"form-field-field_0756a6c\" class=\"elementor-field elementor-size-sm  elementor-field-textual\" placeholder=\"Ihr Unternehmen\" required=\"required\">\n\t\t\t\t\t\t\t\t\t\t\t<\/div>\n\t\t\t\t\t\t\t\t<div class=\"elementor-field-type-text elementor-field-group elementor-column elementor-field-group-name elementor-col-100 elementor-field-required elementor-mark-required\">\n\t\t\t\t\t\t\t\t\t\t\t\t<label for=\"form-field-name\" class=\"elementor-field-label\">\n\t\t\t\t\t\t\t\tName\t\t\t\t\t\t\t<\/label>\n\t\t\t\t\t\t\t\t\t\t\t\t\t\t<input size=\"1\" type=\"text\" name=\"form_fields[name]\" id=\"form-field-name\" class=\"elementor-field elementor-size-sm  elementor-field-textual\" placeholder=\"Ihr Name\" required=\"required\">\n\t\t\t\t\t\t\t\t\t\t\t<\/div>\n\t\t\t\t\t\t\t\t<div class=\"elementor-field-type-email elementor-field-group elementor-column elementor-field-group-email elementor-col-100 elementor-field-required elementor-mark-required\">\n\t\t\t\t\t\t\t\t\t\t\t\t<label for=\"form-field-email\" class=\"elementor-field-label\">\n\t\t\t\t\t\t\t\tE-Mail\t\t\t\t\t\t\t<\/label>\n\t\t\t\t\t\t\t\t\t\t\t\t\t\t<input size=\"1\" type=\"email\" name=\"form_fields[email]\" id=\"form-field-email\" class=\"elementor-field elementor-size-sm  elementor-field-textual\" placeholder=\"Ihre E-Mail-Adresse\" required=\"required\">\n\t\t\t\t\t\t\t\t\t\t\t<\/div>\n\t\t\t\t\t\t\t\t<div class=\"elementor-field-type-tel elementor-field-group elementor-column elementor-field-group-field_d2dab98 elementor-col-100\">\n\t\t\t\t\t\t\t\t\t\t\t\t<label for=\"form-field-field_d2dab98\" class=\"elementor-field-label\">\n\t\t\t\t\t\t\t\tTelefon\t\t\t\t\t\t\t<\/label>\n\t\t\t\t\t\t\t\t<input size=\"1\" type=\"tel\" name=\"form_fields[field_d2dab98]\" id=\"form-field-field_d2dab98\" class=\"elementor-field elementor-size-sm  elementor-field-textual\" placeholder=\"Ihre Telefonnummer (optional)\" pattern=\"[0-9()#&amp;+*-=.]+\" title=\"Only numbers and phone characters (#, -, *, etc) are accepted.\">\n\n\t\t\t\t\t\t<\/div>\n\t\t\t\t\t\t\t\t<div class=\"elementor-field-type-checkbox elementor-field-group elementor-column elementor-field-group-field_c0f7acd elementor-col-100\">\n\t\t\t\t\t\t\t\t\t\t\t\t<label for=\"form-field-field_c0f7acd\" class=\"elementor-field-label\">\n\t\t\t\t\t\t\t\tInteresse an Produkten\t\t\t\t\t\t\t<\/label>\n\t\t\t\t\t\t<div class=\"elementor-field-subgroup  elementor-subgroup-inline\"><span class=\"elementor-field-option\"><input type=\"checkbox\" value=\"ThinTanks 1000 L Series 2\" id=\"form-field-field_c0f7acd-0\" name=\"form_fields[field_c0f7acd][]\"> <label for=\"form-field-field_c0f7acd-0\">ThinTanks 1000 L Series 2<\/label><\/span><span class=\"elementor-field-option\"><input type=\"checkbox\" value=\"ThinTanks 2000 L\" id=\"form-field-field_c0f7acd-1\" name=\"form_fields[field_c0f7acd][]\"> <label for=\"form-field-field_c0f7acd-1\">ThinTanks 2000 L<\/label><\/span><span class=\"elementor-field-option\"><input type=\"checkbox\" value=\"ThinTanks Zubeh\u00f6r\" id=\"form-field-field_c0f7acd-2\" name=\"form_fields[field_c0f7acd][]\"> <label for=\"form-field-field_c0f7acd-2\">ThinTanks Zubeh\u00f6r<\/label><\/span><\/div>\t\t\t\t<\/div>\n\t\t\t\t\t\t\t\t<div class=\"elementor-field-type-textarea elementor-field-group elementor-column elementor-field-group-message elementor-col-100\">\n\t\t\t\t\t\t\t\t\t\t\t\t<label for=\"form-field-message\" class=\"elementor-field-label\">\n\t\t\t\t\t\t\t\tNachricht\t\t\t\t\t\t\t<\/label>\n\t\t\t\t\t\t<textarea class=\"elementor-field-textual elementor-field  elementor-size-sm\" name=\"form_fields[message]\" id=\"form-field-message\" rows=\"6\" placeholder=\"Ihre Nachricht (optional)\"><\/textarea>\t\t\t\t<\/div>\n\t\t\t\t\t\t\t\t<div class=\"elementor-field-type-acceptance elementor-field-group elementor-column elementor-field-group-field_4163f71 elementor-col-100 elementor-field-required elementor-mark-required\">\n\t\t\t\t\t\t\t\t\t\t\t\t<label for=\"form-field-field_4163f71\" class=\"elementor-field-label\">\n\t\t\t\t\t\t\t\tEinverst\u00e4ndnis Datenschutzerkl\u00e4rung\t\t\t\t\t\t\t<\/label>\n\t\t\t\t\t\t\t\t<div class=\"elementor-field-subgroup\">\n\t\t\t<span class=\"elementor-field-option\">\n\t\t\t\t<input type=\"checkbox\" name=\"form_fields[field_4163f71]\" id=\"form-field-field_4163f71\" class=\"elementor-field elementor-size-sm  elementor-acceptance-field\" required=\"required\">\n\t\t\t\t<label for=\"form-field-field_4163f71\">Ich stimme der <a class=\"accept-privacy-policy-link\" href=\"\/datenschutzerklaerung\" target=\"_blank\">Datenschutzerkl\u00e4rung<\/a> zu<\/label>\t\t\t<\/span>\n\t\t<\/div>\n\t\t\t\t\t\t<\/div>\n\t\t\t\t\t\t\t\t<div class=\"elementor-field-type-text\">\n\t\t\t\t\t<input size=\"1\" type=\"text\" name=\"form_fields[field_d1e5d41]\" id=\"form-field-field_d1e5d41\" class=\"elementor-field elementor-size-sm \" style=\"display:none !important;\">\t\t\t\t<\/div>\n\t\t\t\t\t\t\t\t<div class=\"elementor-field-group elementor-column elementor-field-type-submit elementor-col-100 e-form__buttons\">\n\t\t\t\t\t<button class=\"elementor-button elementor-size-md\" type=\"submit\">\n\t\t\t\t\t\t<span class=\"elementor-button-content-wrapper\">\n\t\t\t\t\t\t\t\t\t\t\t\t\t\t\t\t\t\t\t\t\t\t<span class=\"elementor-button-text\">Senden<\/span>\n\t\t\t\t\t\t\t\t\t\t\t\t\t<\/span>\n\t\t\t\t\t<\/button>\n\t\t\t\t<\/div>\n\t\t\t<\/div>\n\t\t<\/form>\n\t\t\t\t\t\t<\/div>\n\t\t\t\t<\/div>\n\t\t\t\t\t<\/div>\n\t\t\t\t<\/div>\n\t\t\t\t<\/div>\n\t\t","protected":false},"excerpt":{"rendered":"<p>Entdecken Sie ThinTanks f\u00fcr Ihr Unternehmen Wir sch\u00e4tzen Ihr Interesse an unseren nachhaltigen ThinTanks Regenwassertanks f\u00fcr Ihr Unternehmen sehr. Es ist unser Ziel, Sie mit qualitativ hochwertigen und umweltfreundlichen L\u00f6sungen zu unterst\u00fctzen, die auf Ihre spezifischen Bed\u00fcrfnisse zugeschnitten sind. Mit ThinTanks entscheiden Sie sich f\u00fcr eine effiziente und nachhaltige Wasserbewirtschaftung, die den Anforderungen Ihres Unternehmens [&hellip;]<\/p>\n","protected":false},"author":3,"featured_media":0,"parent":0,"menu_order":0,"comment_status":"closed","ping_status":"closed","template":"","meta":{"footnotes":""},"class_list":["post-28892","page","type-page","status-publish","hentry"],"_links":{"self":[{"href":"https:\/\/www.thintanks.de\/ch\/wp-json\/wp\/v2\/pages\/28892","targetHints":{"allow":["GET"]}}],"collection":[{"href":"https:\/\/www.thintanks.de\/ch\/wp-json\/wp\/v2\/pages"}],"about":[{"href":"https:\/\/www.thintanks.de\/ch\/wp-json\/wp\/v2\/types\/page"}],"author":[{"embeddable":true,"href":"https:\/\/www.thintanks.de\/ch\/wp-json\/wp\/v2\/users\/3"}],"replies":[{"embeddable":true,"href":"https:\/\/www.thintanks.de\/ch\/wp-json\/wp\/v2\/comments?post=28892"}],"version-history":[{"count":0,"href":"https:\/\/www.thintanks.de\/ch\/wp-json\/wp\/v2\/pages\/28892\/revisions"}],"wp:attachment":[{"href":"https:\/\/www.thintanks.de\/ch\/wp-json\/wp\/v2\/media?parent=28892"}],"curies":[{"name":"wp","href":"https:\/\/api.w.org\/{rel}","templated":true}]}}