{"id":27591,"date":"2023-10-12T12:23:09","date_gmt":"2023-10-12T10:23:09","guid":{"rendered":"https:\/\/www.thintanks.de\/kontakt\/"},"modified":"2024-02-08T08:39:55","modified_gmt":"2024-02-08T07:39:55","slug":"kontakt","status":"publish","type":"page","link":"https:\/\/www.thintanks.de\/cs\/kontakt\/","title":{"rendered":"Kontakt"},"content":{"rendered":"\t\t<div data-elementor-type=\"wp-page\" data-elementor-id=\"27591\" class=\"elementor elementor-27591 elementor-26958\" data-elementor-post-type=\"page\">\n\t\t\t\t<div class=\"elementor-element elementor-element-f8c37f8 e-flex e-con-boxed e-con e-parent\" data-id=\"f8c37f8\" data-element_type=\"container\">\n\t\t\t\t\t<div class=\"e-con-inner\">\n\t\t<div class=\"elementor-element elementor-element-9f7f637 e-con-full e-flex e-con e-child\" data-id=\"9f7f637\" data-element_type=\"container\">\n\t\t\t\t<div class=\"elementor-element elementor-element-4def8e0 elementor-widget elementor-widget-heading\" data-id=\"4def8e0\" data-element_type=\"widget\" data-widget_type=\"heading.default\">\n\t\t\t\t<div class=\"elementor-widget-container\">\n\t\t\t\t\t<h2 class=\"elementor-heading-title elementor-size-default\">Kontakt<\/h2>\t\t\t\t<\/div>\n\t\t\t\t<\/div>\n\t\t\t\t<div class=\"elementor-element elementor-element-642204d elementor-widget elementor-widget-text-editor\" data-id=\"642204d\" data-element_type=\"widget\" data-widget_type=\"text-editor.default\">\n\t\t\t\t<div class=\"elementor-widget-container\">\n\t\t\t\t\t\t\t\t\t<p>R\u00e1di v\u00e1m porad\u00edme!<\/p>\n\t\t\t\t\t\t\t\t<\/div>\n\t\t\t\t<\/div>\n\t\t\t\t<div class=\"elementor-element elementor-element-e2b5ee8 elementor-widget elementor-widget-text-editor\" data-id=\"e2b5ee8\" data-element_type=\"widget\" data-widget_type=\"text-editor.default\">\n\t\t\t\t<div class=\"elementor-widget-container\">\n\t\t\t\t\t\t\t\t\t<p>Nautilus Wassersysteme GmbH &amp; Co KG<br \/>Heinrich-Hertz-Strasse 28<br \/>07552 Gera<\/p>\n<p><b>Fon<\/b> 0365 \/ 4353 &#8211; 1491 nebo &#8211; 1331<br \/><b>Fax<\/b> 0365 \/ 4353 &#8211; 1228<\/p>\n<p><b>E-mail:<\/b> sales@thintanks.de<\/p>\n<p><b>Provozn\u00ed doba:<br \/><\/b>od pond\u011bl\u00ed do p\u00e1tku od 7:30 do 12:00 a<br \/>od 12:30 do 16:00<\/p>\n\t\t\t\t\t\t\t\t<\/div>\n\t\t\t\t<\/div>\n\t\t\t\t<\/div>\n\t\t<div class=\"elementor-element elementor-element-9557664 e-con-full e-flex e-con e-child\" data-id=\"9557664\" data-element_type=\"container\">\n\t\t\t\t<div class=\"elementor-element elementor-element-58e7a35 elementor-widget elementor-widget-heading\" data-id=\"58e7a35\" data-element_type=\"widget\" data-widget_type=\"heading.default\">\n\t\t\t\t<div class=\"elementor-widget-container\">\n\t\t\t\t\t<h2 class=\"elementor-heading-title elementor-size-default\">Vodn\u00ed syst\u00e9my Nautilus<\/h2>\t\t\t\t<\/div>\n\t\t\t\t<\/div>\n\t\t\t\t<div class=\"elementor-element elementor-element-5adcb6a elementor-widget elementor-widget-text-editor\" data-id=\"5adcb6a\" data-element_type=\"widget\" data-widget_type=\"text-editor.default\">\n\t\t\t\t<div class=\"elementor-widget-container\">\n\t\t\t\t\t\t\t\t\t<p>Od profesion\u00e1la pro profesion\u00e1la!<\/p>\n\t\t\t\t\t\t\t\t<\/div>\n\t\t\t\t<\/div>\n\t\t\t\t<div class=\"elementor-element elementor-element-f97b630 elementor-widget elementor-widget-gallery\" data-id=\"f97b630\" data-element_type=\"widget\" data-settings=\"{&quot;columns&quot;:3,&quot;aspect_ratio&quot;:&quot;1:1&quot;,&quot;columns_tablet&quot;:3,&quot;columns_mobile&quot;:3,&quot;lazyload&quot;:&quot;yes&quot;,&quot;gallery_layout&quot;:&quot;grid&quot;,&quot;gap&quot;:{&quot;unit&quot;:&quot;px&quot;,&quot;size&quot;:10,&quot;sizes&quot;:[]},&quot;gap_tablet&quot;:{&quot;unit&quot;:&quot;px&quot;,&quot;size&quot;:10,&quot;sizes&quot;:[]},&quot;gap_mobile&quot;:{&quot;unit&quot;:&quot;px&quot;,&quot;size&quot;:10,&quot;sizes&quot;:[]},&quot;content_hover_animation&quot;:&quot;fade-in&quot;}\" data-widget_type=\"gallery.default\">\n\t\t\t\t<div class=\"elementor-widget-container\">\n\t\t\t\t\t\t\t<div class=\"elementor-gallery__container\">\n\t\t\t\t\t\t\t<div class=\"e-gallery-item elementor-gallery-item elementor-animated-content\">\n\t\t\t\t\t<div class=\"e-gallery-image elementor-gallery-item__image\" data-thumbnail=\"https:\/\/www.thintanks.de\/wp-content\/uploads\/2023\/10\/bio-300x300.jpg\" data-width=\"300\" data-height=\"300\" aria-label=\"\" role=\"img\" ><\/div>\n\t\t\t\t\t\t\t\t\t\t\t\t\t\t<\/div>\n\t\t\t\t\t\t\t<div class=\"e-gallery-item elementor-gallery-item elementor-animated-content\">\n\t\t\t\t\t<div class=\"e-gallery-image elementor-gallery-item__image\" data-thumbnail=\"https:\/\/www.thintanks.de\/wp-content\/uploads\/2023\/10\/madeingermany-300x300.jpg\" data-width=\"300\" data-height=\"300\" aria-label=\"\" role=\"img\" ><\/div>\n\t\t\t\t\t\t\t\t\t\t\t\t\t\t<\/div>\n\t\t\t\t\t\t\t<div class=\"e-gallery-item elementor-gallery-item elementor-animated-content\">\n\t\t\t\t\t<div class=\"e-gallery-image elementor-gallery-item__image\" data-thumbnail=\"https:\/\/www.thintanks.de\/wp-content\/uploads\/2023\/10\/5_jahre_klein.png\" data-width=\"200\" data-height=\"200\" aria-label=\"\" role=\"img\" ><\/div>\n\t\t\t\t\t\t\t\t\t\t\t\t\t\t<\/div>\n\t\t\t\t\t<\/div>\n\t\t\t\t\t<\/div>\n\t\t\t\t<\/div>\n\t\t\t\t<\/div>\n\t\t\t\t\t<\/div>\n\t\t\t\t<\/div>\n\t\t<div class=\"elementor-element elementor-element-1eaf59d e-flex e-con-boxed e-con e-parent\" data-id=\"1eaf59d\" data-element_type=\"container\">\n\t\t\t\t\t<div class=\"e-con-inner\">\n\t\t\t\t<div class=\"elementor-element elementor-element-06203b3 elementor-widget elementor-widget-heading\" data-id=\"06203b3\" data-element_type=\"widget\" data-widget_type=\"heading.default\">\n\t\t\t\t<div class=\"elementor-widget-container\">\n\t\t\t\t\t<h2 class=\"elementor-heading-title elementor-size-default\">Kontaktn\u00ed formul\u00e1\u0159<\/h2>\t\t\t\t<\/div>\n\t\t\t\t<\/div>\n\t\t\t\t<div class=\"elementor-element elementor-element-ae85d5f elementor-widget elementor-widget-text-editor\" data-id=\"ae85d5f\" data-element_type=\"widget\" data-widget_type=\"text-editor.default\">\n\t\t\t\t<div class=\"elementor-widget-container\">\n\t\t\t\t\t\t\t\t\t<p>Vyu\u017eijte v\u00fdhod udr\u017eiteln\u00e9ho hospoda\u0159en\u00ed s vodou s na\u0161imi inovativn\u00edmi <b>n\u00e1dr\u017eemi na de\u0161\u0165ovou vodu ThinTanks<\/b>. Obra\u0165te se na n\u00e1s a z\u00edskejte profesion\u00e1ln\u00ed poradenstv\u00ed a objevte individu\u00e1ln\u00ed \u0159e\u0161en\u00ed, kter\u00e1 jsou dokonale p\u0159izp\u016fsobena va\u0161im pot\u0159eb\u00e1m. Pom\u00e1h\u00e1me v\u00e1m pln\u011b vyu\u017e\u00edt potenci\u00e1l na\u0161ich produkt\u016f. Jsme v\u00e1m k dispozici, abychom zodpov\u011bd\u011bli v\u0161echny va\u0161e dotazy a na\u0161li optim\u00e1ln\u00ed mo\u017enosti pou\u017eit\u00ed pro va\u0161e po\u017eadavky.<\/p>\n\t\t\t\t\t\t\t\t<\/div>\n\t\t\t\t<\/div>\n\t\t\t\t<div class=\"elementor-element elementor-element-93b4a11 elementor-button-align-start elementor-widget elementor-widget-form\" data-id=\"93b4a11\" data-element_type=\"widget\" data-settings=\"{&quot;step_next_label&quot;:&quot;Dal\\u0161\\u00ed&quot;,&quot;step_previous_label&quot;:&quot;P\\u0159edchoz\\u00ed&quot;,&quot;button_width&quot;:&quot;100&quot;,&quot;step_type&quot;:&quot;number_text&quot;,&quot;step_icon_shape&quot;:&quot;circle&quot;}\" data-widget_type=\"form.default\">\n\t\t\t\t<div class=\"elementor-widget-container\">\n\t\t\t\t\t\t\t<form class=\"elementor-form\" method=\"post\" name=\"Nov\u00fd formul\u00e1\u0159\" aria-label=\"Nov\u00fd formul\u00e1\u0159\">\n\t\t\t<input type=\"hidden\" name=\"post_id\" value=\"27591\"\/>\n\t\t\t<input type=\"hidden\" name=\"form_id\" value=\"93b4a11\"\/>\n\t\t\t<input type=\"hidden\" name=\"referer_title\" value=\"Kontakt - ThinTanks\" \/>\n\n\t\t\t\t\t\t\t<input type=\"hidden\" name=\"queried_id\" value=\"27591\"\/>\n\t\t\t\n\t\t\t<div class=\"elementor-form-fields-wrapper elementor-labels-above\">\n\t\t\t\t\t\t\t\t<div class=\"elementor-field-type-text elementor-field-group elementor-column elementor-field-group-field_0756a6c elementor-col-100\">\n\t\t\t\t\t\t\t\t\t\t\t\t<label for=\"form-field-field_0756a6c\" class=\"elementor-field-label\">\n\t\t\t\t\t\t\t\tSpole\u010dnost\t\t\t\t\t\t\t<\/label>\n\t\t\t\t\t\t\t\t\t\t\t\t\t\t<input size=\"1\" type=\"text\" name=\"form_fields[field_0756a6c]\" id=\"form-field-field_0756a6c\" class=\"elementor-field elementor-size-sm  elementor-field-textual\" placeholder=\"Va\u0161e spole\u010dnost (nepovinn\u00e9)\">\n\t\t\t\t\t\t\t\t\t\t\t<\/div>\n\t\t\t\t\t\t\t\t<div class=\"elementor-field-type-text elementor-field-group elementor-column elementor-field-group-name elementor-col-100 elementor-field-required elementor-mark-required\">\n\t\t\t\t\t\t\t\t\t\t\t\t<label for=\"form-field-name\" class=\"elementor-field-label\">\n\t\t\t\t\t\t\t\tN\u00e1zev\t\t\t\t\t\t\t<\/label>\n\t\t\t\t\t\t\t\t\t\t\t\t\t\t<input size=\"1\" type=\"text\" name=\"form_fields[name]\" id=\"form-field-name\" class=\"elementor-field elementor-size-sm  elementor-field-textual\" placeholder=\"Va\u0161e jm\u00e9no\" required=\"required\">\n\t\t\t\t\t\t\t\t\t\t\t<\/div>\n\t\t\t\t\t\t\t\t<div class=\"elementor-field-type-email elementor-field-group elementor-column elementor-field-group-email elementor-col-100 elementor-field-required elementor-mark-required\">\n\t\t\t\t\t\t\t\t\t\t\t\t<label for=\"form-field-email\" class=\"elementor-field-label\">\n\t\t\t\t\t\t\t\tE-mail\t\t\t\t\t\t\t<\/label>\n\t\t\t\t\t\t\t\t\t\t\t\t\t\t<input size=\"1\" type=\"email\" name=\"form_fields[email]\" id=\"form-field-email\" class=\"elementor-field elementor-size-sm  elementor-field-textual\" placeholder=\"Va\u0161e e-mailov\u00e1 adresa\" required=\"required\">\n\t\t\t\t\t\t\t\t\t\t\t<\/div>\n\t\t\t\t\t\t\t\t<div class=\"elementor-field-type-tel elementor-field-group elementor-column elementor-field-group-field_d2dab98 elementor-col-100\">\n\t\t\t\t\t\t\t\t\t\t\t\t<label for=\"form-field-field_d2dab98\" class=\"elementor-field-label\">\n\t\t\t\t\t\t\t\tTelefon\t\t\t\t\t\t\t<\/label>\n\t\t\t\t\t\t\t\t<input size=\"1\" type=\"tel\" name=\"form_fields[field_d2dab98]\" id=\"form-field-field_d2dab98\" class=\"elementor-field elementor-size-sm  elementor-field-textual\" placeholder=\"Va\u0161e telefonn\u00ed \u010d\u00edslo (nepovinn\u00e9)\" pattern=\"[0-9()#&amp;+*-=.]+\" title=\"Only numbers and phone characters (#, -, *, etc) are accepted.\">\n\n\t\t\t\t\t\t<\/div>\n\t\t\t\t\t\t\t\t<div class=\"elementor-field-type-textarea elementor-field-group elementor-column elementor-field-group-message elementor-col-100 elementor-field-required elementor-mark-required\">\n\t\t\t\t\t\t\t\t\t\t\t\t<label for=\"form-field-message\" class=\"elementor-field-label\">\n\t\t\t\t\t\t\t\tZpr\u00e1va\t\t\t\t\t\t\t<\/label>\n\t\t\t\t\t\t<textarea class=\"elementor-field-textual elementor-field  elementor-size-sm\" name=\"form_fields[message]\" id=\"form-field-message\" rows=\"8\" placeholder=\"Va\u0161e zpr\u00e1va\" required=\"required\"><\/textarea>\t\t\t\t<\/div>\n\t\t\t\t\t\t\t\t<div class=\"elementor-field-type-acceptance elementor-field-group elementor-column elementor-field-group-field_4163f71 elementor-col-100 elementor-field-required elementor-mark-required\">\n\t\t\t\t\t\t\t\t\t\t\t\t<label for=\"form-field-field_4163f71\" class=\"elementor-field-label\">\n\t\t\t\t\t\t\t\tZ\u00e1sady ochrany osobn\u00edch \u00fadaj\u016f\t\t\t\t\t\t\t<\/label>\n\t\t\t\t\t\t\t\t<div class=\"elementor-field-subgroup\">\n\t\t\t<span class=\"elementor-field-option\">\n\t\t\t\t<input type=\"checkbox\" name=\"form_fields[field_4163f71]\" id=\"form-field-field_4163f71\" class=\"elementor-field elementor-size-sm  elementor-acceptance-field\" required=\"required\">\n\t\t\t\t<label for=\"form-field-field_4163f71\">Souhlas\u00edm se <a class=\"accept-privacy-policy-link\" href=\"https:\/\/www.thintanks.de\/cs\/zasady-ochrany-osobnich-udaju\/\" target=\"_blank\">z\u00e1sadami ochrany osobn\u00edch \u00fadaj\u016f<\/a> <\/label>\t\t\t<\/span>\n\t\t<\/div>\n\t\t\t\t\t\t<\/div>\n\t\t\t\t\t\t\t\t<div class=\"elementor-field-type-recaptcha_v3 elementor-field-group elementor-column elementor-field-group-field_2f283d2 elementor-col-100 recaptcha_v3-bottomright\">\n\t\t\t\t\t<div class=\"elementor-field\" id=\"form-field-field_2f283d2\"><\/div>\t\t\t\t<\/div>\n\t\t\t\t\t\t\t\t<div class=\"elementor-field-type-text\">\n\t\t\t\t\t<input size=\"1\" type=\"text\" name=\"form_fields[field_b7540a3]\" id=\"form-field-field_b7540a3\" class=\"elementor-field elementor-size-sm \" style=\"display:none !important;\">\t\t\t\t<\/div>\n\t\t\t\t\t\t\t\t<div class=\"elementor-field-type-hidden elementor-field-group elementor-column elementor-field-group-field_b8092f9 elementor-col-100\">\n\t\t\t\t\t\t\t\t\t\t\t\t\t<input size=\"1\" type=\"hidden\" name=\"form_fields[field_b8092f9]\" id=\"form-field-field_b8092f9\" class=\"elementor-field elementor-size-sm  elementor-field-textual\">\n\t\t\t\t\t\t\t\t\t\t\t<\/div>\n\t\t\t\t\t\t\t\t<div class=\"elementor-field-group elementor-column elementor-field-type-submit elementor-col-100 e-form__buttons\">\n\t\t\t\t\t<button class=\"elementor-button elementor-size-md\" type=\"submit\">\n\t\t\t\t\t\t<span class=\"elementor-button-content-wrapper\">\n\t\t\t\t\t\t\t\t\t\t\t\t\t\t\t\t\t\t\t\t\t\t<span class=\"elementor-button-text\">Odeslat<\/span>\n\t\t\t\t\t\t\t\t\t\t\t\t\t<\/span>\n\t\t\t\t\t<\/button>\n\t\t\t\t<\/div>\n\t\t\t<\/div>\n\t\t<\/form>\n\t\t\t\t\t\t<\/div>\n\t\t\t\t<\/div>\n\t\t\t\t\t<\/div>\n\t\t\t\t<\/div>\n\t\t\t\t<\/div>\n\t\t","protected":false},"excerpt":{"rendered":"<p>Kontakt R\u00e1di v\u00e1m porad\u00edme! Nautilus Wassersysteme GmbH &amp; Co KGHeinrich-Hertz-Strasse 2807552 Gera Fon 0365 \/ 4353 &#8211; 1491 nebo &#8211; 1331Fax 0365 \/ 4353 &#8211; 1228 E-mail: sales@thintanks.de Provozn\u00ed doba:od pond\u011bl\u00ed do p\u00e1tku od 7:30 do 12:00 aod 12:30 do 16:00 Vodn\u00ed syst\u00e9my Nautilus Od profesion\u00e1la pro profesion\u00e1la! Kontaktn\u00ed formul\u00e1\u0159 Vyu\u017eijte v\u00fdhod udr\u017eiteln\u00e9ho hospoda\u0159en\u00ed s [&hellip;]<\/p>\n","protected":false},"author":3,"featured_media":0,"parent":0,"menu_order":0,"comment_status":"closed","ping_status":"closed","template":"","meta":{"footnotes":""},"class_list":["post-27591","page","type-page","status-publish","hentry"],"_links":{"self":[{"href":"https:\/\/www.thintanks.de\/cs\/wp-json\/wp\/v2\/pages\/27591","targetHints":{"allow":["GET"]}}],"collection":[{"href":"https:\/\/www.thintanks.de\/cs\/wp-json\/wp\/v2\/pages"}],"about":[{"href":"https:\/\/www.thintanks.de\/cs\/wp-json\/wp\/v2\/types\/page"}],"author":[{"embeddable":true,"href":"https:\/\/www.thintanks.de\/cs\/wp-json\/wp\/v2\/users\/3"}],"replies":[{"embeddable":true,"href":"https:\/\/www.thintanks.de\/cs\/wp-json\/wp\/v2\/comments?post=27591"}],"version-history":[{"count":0,"href":"https:\/\/www.thintanks.de\/cs\/wp-json\/wp\/v2\/pages\/27591\/revisions"}],"wp:attachment":[{"href":"https:\/\/www.thintanks.de\/cs\/wp-json\/wp\/v2\/media?parent=27591"}],"curies":[{"name":"wp","href":"https:\/\/api.w.org\/{rel}","templated":true}]}}