{"id":27778,"date":"2023-10-12T13:21:14","date_gmt":"2023-10-12T11:21:14","guid":{"rendered":"https:\/\/www.thintanks.de\/pozadavek-pro-firemni-zakazniky\/"},"modified":"2023-10-27T22:42:35","modified_gmt":"2023-10-27T20:42:35","slug":"pozadavek-pro-firemni-zakazniky","status":"publish","type":"page","link":"https:\/\/www.thintanks.de\/cs\/pozadavek-pro-firemni-zakazniky\/","title":{"rendered":"Po\u017eadavek pro firemn\u00ed z\u00e1kazn\u00edky"},"content":{"rendered":"\t\t<div data-elementor-type=\"wp-page\" data-elementor-id=\"27778\" class=\"elementor elementor-27778 elementor-27042\" data-elementor-post-type=\"page\">\n\t\t\t\t<div class=\"elementor-element elementor-element-cb938a8 e-flex e-con-boxed e-con e-parent\" data-id=\"cb938a8\" data-element_type=\"container\">\n\t\t\t\t\t<div class=\"e-con-inner\">\n\t\t\t\t<div class=\"elementor-element elementor-element-1fa3064 elementor-widget elementor-widget-heading\" data-id=\"1fa3064\" data-element_type=\"widget\" data-widget_type=\"heading.default\">\n\t\t\t\t<div class=\"elementor-widget-container\">\n\t\t\t\t\t<h2 class=\"elementor-heading-title elementor-size-default\">Objevte ThinTanks pro svou spole\u010dnost<\/h2>\t\t\t\t<\/div>\n\t\t\t\t<\/div>\n\t\t\t\t<div class=\"elementor-element elementor-element-e2d39cd elementor-widget elementor-widget-text-editor\" data-id=\"e2d39cd\" data-element_type=\"widget\" data-widget_type=\"text-editor.default\">\n\t\t\t\t<div class=\"elementor-widget-container\">\n\t\t\t\t\t\t\t\t\t<p>Velmi si v\u00e1\u017e\u00edme va\u0161eho z\u00e1jmu o na\u0161e <b>udr\u017eiteln\u00e9 n\u00e1dr\u017ee na de\u0161\u0165ovou vodu ThinTanks<\/b> pro va\u0161e podnik\u00e1n\u00ed. Na\u0161\u00edm c\u00edlem je podpo\u0159it v\u00e1s vysoce kvalitn\u00edmi a ekologick\u00fdmi \u0159e\u0161en\u00edmi p\u0159izp\u016fsoben\u00fdmi va\u0161im specifick\u00fdm pot\u0159eb\u00e1m. S <b>n\u00e1dr\u017eemi ThinTanks<\/b> si m\u016f\u017eete vybrat efektivn\u00ed a udr\u017eiteln\u00e9 hospoda\u0159en\u00ed s vodou, kter\u00e9 odpov\u00edd\u00e1 pot\u0159eb\u00e1m va\u0161eho podniku.<\/p>\n<p>Pro zad\u00e1n\u00ed individu\u00e1ln\u00edho dotazu je k dispozici n\u00e1sleduj\u00edc\u00ed <b>formul\u00e1\u0159<\/b>. Na\u0161i zku\u0161en\u00ed poradci se t\u011b\u0161\u00ed, \u017ee v\u00e1m poskytnou komplexn\u00ed podporu a spole\u010dn\u011b s v\u00e1mi najdou optim\u00e1ln\u00ed \u0159e\u0161en\u00ed. S <b>odborn\u00fdm poradenstv\u00edm<\/b> v\u00e1s provedeme cel\u00fdm procesem tak, aby v\u00e1m v\u00fdb\u011br p\u0159inesl maxim\u00e1ln\u00ed v\u00fdhody.<\/p>\n\t\t\t\t\t\t\t\t<\/div>\n\t\t\t\t<\/div>\n\t\t\t\t\t<\/div>\n\t\t\t\t<\/div>\n\t\t<div class=\"elementor-element elementor-element-6e6daa1 e-flex e-con-boxed e-con e-parent\" data-id=\"6e6daa1\" data-element_type=\"container\">\n\t\t\t\t\t<div class=\"e-con-inner\">\n\t\t\t\t<div class=\"elementor-element elementor-element-f7aefff elementor-widget elementor-widget-heading\" data-id=\"f7aefff\" data-element_type=\"widget\" data-widget_type=\"heading.default\">\n\t\t\t\t<div class=\"elementor-widget-container\">\n\t\t\t\t\t<h2 class=\"elementor-heading-title elementor-size-default\">Popt\u00e1vkov\u00fd formul\u00e1\u0159<\/h2>\t\t\t\t<\/div>\n\t\t\t\t<\/div>\n\t\t\t\t<div class=\"elementor-element elementor-element-3333735 elementor-button-align-start elementor-widget elementor-widget-form\" data-id=\"3333735\" data-element_type=\"widget\" data-settings=\"{&quot;step_next_label&quot;:&quot;Dal\\u0161\\u00ed&quot;,&quot;step_previous_label&quot;:&quot;P\\u0159edchoz\\u00ed&quot;,&quot;button_width&quot;:&quot;100&quot;,&quot;step_type&quot;:&quot;number_text&quot;,&quot;step_icon_shape&quot;:&quot;circle&quot;}\" data-widget_type=\"form.default\">\n\t\t\t\t<div class=\"elementor-widget-container\">\n\t\t\t\t\t\t\t<form class=\"elementor-form\" method=\"post\" name=\"Kontaktn\u00ed formul\u00e1\u0159 - Firemn\u00ed z\u00e1kazn\u00edci\" aria-label=\"Kontaktn\u00ed formul\u00e1\u0159 - Firemn\u00ed z\u00e1kazn\u00edci\">\n\t\t\t<input type=\"hidden\" name=\"post_id\" value=\"27778\"\/>\n\t\t\t<input type=\"hidden\" name=\"form_id\" value=\"3333735\"\/>\n\t\t\t<input type=\"hidden\" name=\"referer_title\" value=\"Po\u017eadavek pro firemn\u00ed z\u00e1kazn\u00edky - ThinTanks\" \/>\n\n\t\t\t\t\t\t\t<input type=\"hidden\" name=\"queried_id\" value=\"27778\"\/>\n\t\t\t\n\t\t\t<div class=\"elementor-form-fields-wrapper elementor-labels-above\">\n\t\t\t\t\t\t\t\t<div class=\"elementor-field-type-text elementor-field-group elementor-column elementor-field-group-field_0756a6c elementor-col-100 elementor-field-required elementor-mark-required\">\n\t\t\t\t\t\t\t\t\t\t\t\t<label for=\"form-field-field_0756a6c\" class=\"elementor-field-label\">\n\t\t\t\t\t\t\t\tSpole\u010dnost\t\t\t\t\t\t\t<\/label>\n\t\t\t\t\t\t\t\t\t\t\t\t\t\t<input size=\"1\" type=\"text\" name=\"form_fields[field_0756a6c]\" id=\"form-field-field_0756a6c\" class=\"elementor-field elementor-size-sm  elementor-field-textual\" placeholder=\"Va\u0161e spole\u010dnost\" required=\"required\">\n\t\t\t\t\t\t\t\t\t\t\t<\/div>\n\t\t\t\t\t\t\t\t<div class=\"elementor-field-type-text elementor-field-group elementor-column elementor-field-group-name elementor-col-100 elementor-field-required elementor-mark-required\">\n\t\t\t\t\t\t\t\t\t\t\t\t<label for=\"form-field-name\" class=\"elementor-field-label\">\n\t\t\t\t\t\t\t\tN\u00e1zev\t\t\t\t\t\t\t<\/label>\n\t\t\t\t\t\t\t\t\t\t\t\t\t\t<input size=\"1\" type=\"text\" name=\"form_fields[name]\" id=\"form-field-name\" class=\"elementor-field elementor-size-sm  elementor-field-textual\" placeholder=\"Va\u0161e jm\u00e9no\" required=\"required\">\n\t\t\t\t\t\t\t\t\t\t\t<\/div>\n\t\t\t\t\t\t\t\t<div class=\"elementor-field-type-email elementor-field-group elementor-column elementor-field-group-email elementor-col-100 elementor-field-required elementor-mark-required\">\n\t\t\t\t\t\t\t\t\t\t\t\t<label for=\"form-field-email\" class=\"elementor-field-label\">\n\t\t\t\t\t\t\t\tE-mail\t\t\t\t\t\t\t<\/label>\n\t\t\t\t\t\t\t\t\t\t\t\t\t\t<input size=\"1\" type=\"email\" name=\"form_fields[email]\" id=\"form-field-email\" class=\"elementor-field elementor-size-sm  elementor-field-textual\" placeholder=\"Va\u0161e e-mailov\u00e1 adresa\" required=\"required\">\n\t\t\t\t\t\t\t\t\t\t\t<\/div>\n\t\t\t\t\t\t\t\t<div class=\"elementor-field-type-tel elementor-field-group elementor-column elementor-field-group-field_d2dab98 elementor-col-100\">\n\t\t\t\t\t\t\t\t\t\t\t\t<label for=\"form-field-field_d2dab98\" class=\"elementor-field-label\">\n\t\t\t\t\t\t\t\tTelefon\t\t\t\t\t\t\t<\/label>\n\t\t\t\t\t\t\t\t<input size=\"1\" type=\"tel\" name=\"form_fields[field_d2dab98]\" id=\"form-field-field_d2dab98\" class=\"elementor-field elementor-size-sm  elementor-field-textual\" placeholder=\"Va\u0161e telefonn\u00ed \u010d\u00edslo (nepovinn\u00e9)\" pattern=\"[0-9()#&amp;+*-=.]+\" title=\"Only numbers and phone characters (#, -, *, etc) are accepted.\">\n\n\t\t\t\t\t\t<\/div>\n\t\t\t\t\t\t\t\t<div class=\"elementor-field-type-checkbox elementor-field-group elementor-column elementor-field-group-field_c0f7acd elementor-col-100\">\n\t\t\t\t\t\t\t\t\t\t\t\t<label for=\"form-field-field_c0f7acd\" class=\"elementor-field-label\">\n\t\t\t\t\t\t\t\tZ\u00e1jem o produkty\t\t\t\t\t\t\t<\/label>\n\t\t\t\t\t\t<div class=\"elementor-field-subgroup  elementor-subgroup-inline\"><span class=\"elementor-field-option\"><input type=\"checkbox\" value=\"N\u00e1dr\u017ee ThinTanks 1000 L Series 2\" id=\"form-field-field_c0f7acd-0\" name=\"form_fields[field_c0f7acd][]\"> <label for=\"form-field-field_c0f7acd-0\">N\u00e1dr\u017ee ThinTanks 1000 L Series 2<\/label><\/span><span class=\"elementor-field-option\"><input type=\"checkbox\" value=\"N\u00e1dr\u017ee ThinTanks 2000 L\" id=\"form-field-field_c0f7acd-1\" name=\"form_fields[field_c0f7acd][]\"> <label for=\"form-field-field_c0f7acd-1\">N\u00e1dr\u017ee ThinTanks 2000 L<\/label><\/span><span class=\"elementor-field-option\"><input type=\"checkbox\" value=\"P\u0159\u00edslu\u0161enstv\u00ed ThinTanks\" id=\"form-field-field_c0f7acd-2\" name=\"form_fields[field_c0f7acd][]\"> <label for=\"form-field-field_c0f7acd-2\">P\u0159\u00edslu\u0161enstv\u00ed ThinTanks<\/label><\/span><\/div>\t\t\t\t<\/div>\n\t\t\t\t\t\t\t\t<div class=\"elementor-field-type-textarea elementor-field-group elementor-column elementor-field-group-message elementor-col-100\">\n\t\t\t\t\t\t\t\t\t\t\t\t<label for=\"form-field-message\" class=\"elementor-field-label\">\n\t\t\t\t\t\t\t\tZpr\u00e1va\t\t\t\t\t\t\t<\/label>\n\t\t\t\t\t\t<textarea class=\"elementor-field-textual elementor-field  elementor-size-sm\" name=\"form_fields[message]\" id=\"form-field-message\" rows=\"6\" placeholder=\"Va\u0161e zpr\u00e1va (nepovinn\u00e9)\"><\/textarea>\t\t\t\t<\/div>\n\t\t\t\t\t\t\t\t<div class=\"elementor-field-type-acceptance elementor-field-group elementor-column elementor-field-group-field_4163f71 elementor-col-100 elementor-field-required elementor-mark-required\">\n\t\t\t\t\t\t\t\t\t\t\t\t<label for=\"form-field-field_4163f71\" class=\"elementor-field-label\">\n\t\t\t\t\t\t\t\tZ\u00e1sady ochrany osobn\u00edch \u00fadaj\u016f\t\t\t\t\t\t\t<\/label>\n\t\t\t\t\t\t\t\t<div class=\"elementor-field-subgroup\">\n\t\t\t<span class=\"elementor-field-option\">\n\t\t\t\t<input type=\"checkbox\" name=\"form_fields[field_4163f71]\" id=\"form-field-field_4163f71\" class=\"elementor-field elementor-size-sm  elementor-acceptance-field\" required=\"required\">\n\t\t\t\t<label for=\"form-field-field_4163f71\">Souhlas\u00edm se <a class=\"accept-privacy-policy-link\" href=\"https:\/\/www.thintanks.de\/cs\/zasady-ochrany-osobnich-udaju\/\" target=\"_blank\">z\u00e1sadami ochrany osobn\u00edch \u00fadaj\u016f<\/a> <\/label>\t\t\t<\/span>\n\t\t<\/div>\n\t\t\t\t\t\t<\/div>\n\t\t\t\t\t\t\t\t<div class=\"elementor-field-type-text\">\n\t\t\t\t\t<input size=\"1\" type=\"text\" name=\"form_fields[field_d1e5d41]\" id=\"form-field-field_d1e5d41\" class=\"elementor-field elementor-size-sm \" style=\"display:none !important;\">\t\t\t\t<\/div>\n\t\t\t\t\t\t\t\t<div class=\"elementor-field-group elementor-column elementor-field-type-submit elementor-col-100 e-form__buttons\">\n\t\t\t\t\t<button class=\"elementor-button elementor-size-md\" type=\"submit\">\n\t\t\t\t\t\t<span class=\"elementor-button-content-wrapper\">\n\t\t\t\t\t\t\t\t\t\t\t\t\t\t\t\t\t\t\t\t\t\t<span class=\"elementor-button-text\">Odeslat<\/span>\n\t\t\t\t\t\t\t\t\t\t\t\t\t<\/span>\n\t\t\t\t\t<\/button>\n\t\t\t\t<\/div>\n\t\t\t<\/div>\n\t\t<\/form>\n\t\t\t\t\t\t<\/div>\n\t\t\t\t<\/div>\n\t\t\t\t\t<\/div>\n\t\t\t\t<\/div>\n\t\t\t\t<\/div>\n\t\t","protected":false},"excerpt":{"rendered":"<p>Objevte ThinTanks pro svou spole\u010dnost Velmi si v\u00e1\u017e\u00edme va\u0161eho z\u00e1jmu o na\u0161e udr\u017eiteln\u00e9 n\u00e1dr\u017ee na de\u0161\u0165ovou vodu ThinTanks pro va\u0161e podnik\u00e1n\u00ed. Na\u0161\u00edm c\u00edlem je podpo\u0159it v\u00e1s vysoce kvalitn\u00edmi a ekologick\u00fdmi \u0159e\u0161en\u00edmi p\u0159izp\u016fsoben\u00fdmi va\u0161im specifick\u00fdm pot\u0159eb\u00e1m. S n\u00e1dr\u017eemi ThinTanks si m\u016f\u017eete vybrat efektivn\u00ed a udr\u017eiteln\u00e9 hospoda\u0159en\u00ed s vodou, kter\u00e9 odpov\u00edd\u00e1 pot\u0159eb\u00e1m va\u0161eho podniku. Pro zad\u00e1n\u00ed individu\u00e1ln\u00edho [&hellip;]<\/p>\n","protected":false},"author":3,"featured_media":0,"parent":0,"menu_order":0,"comment_status":"closed","ping_status":"closed","template":"","meta":{"footnotes":""},"class_list":["post-27778","page","type-page","status-publish","hentry"],"_links":{"self":[{"href":"https:\/\/www.thintanks.de\/cs\/wp-json\/wp\/v2\/pages\/27778","targetHints":{"allow":["GET"]}}],"collection":[{"href":"https:\/\/www.thintanks.de\/cs\/wp-json\/wp\/v2\/pages"}],"about":[{"href":"https:\/\/www.thintanks.de\/cs\/wp-json\/wp\/v2\/types\/page"}],"author":[{"embeddable":true,"href":"https:\/\/www.thintanks.de\/cs\/wp-json\/wp\/v2\/users\/3"}],"replies":[{"embeddable":true,"href":"https:\/\/www.thintanks.de\/cs\/wp-json\/wp\/v2\/comments?post=27778"}],"version-history":[{"count":0,"href":"https:\/\/www.thintanks.de\/cs\/wp-json\/wp\/v2\/pages\/27778\/revisions"}],"wp:attachment":[{"href":"https:\/\/www.thintanks.de\/cs\/wp-json\/wp\/v2\/media?parent=27778"}],"curies":[{"name":"wp","href":"https:\/\/api.w.org\/{rel}","templated":true}]}}