{"id":27808,"date":"2023-10-13T00:07:55","date_gmt":"2023-10-13T00:07:55","guid":{"rendered":"https:\/\/www.thintanks.de\/pridat-polozku\/"},"modified":"2023-10-16T16:44:01","modified_gmt":"2023-10-16T16:44:01","slug":"pridat-polozku","status":"publish","type":"page","link":"https:\/\/www.thintanks.de\/cs\/pridat-polozku\/","title":{"rendered":"P\u0159idat polo\u017eku"},"content":{"rendered":"\n<div class=\"wp-block-geodirectory-geodir-widget-notifications\"><\/div>\n\n<div class=\"wp-block-geodirectory-geodir-widget-add-listing\"><div class=\"geodir-add-listing bsui sdel-cf580c89\" ><div class=\"alert alert-warning \" role=\"alert\" ><i class=\"fas fa-exclamation-triangle\"><\/i> P\u0159id\u00e1n\u00ed z\u00e1pisu pro tento typ p\u0159\u00edsp\u011bvku nen\u00ed povoleno.<\/div><\/div><\/div>\n","protected":false},"excerpt":{"rendered":"","protected":false},"author":3,"featured_media":0,"parent":0,"menu_order":0,"comment_status":"closed","ping_status":"closed","template":"","meta":{"footnotes":""},"class_list":["post-27808","page","type-page","status-publish","hentry"],"_links":{"self":[{"href":"https:\/\/www.thintanks.de\/cs\/wp-json\/wp\/v2\/pages\/27808","targetHints":{"allow":["GET"]}}],"collection":[{"href":"https:\/\/www.thintanks.de\/cs\/wp-json\/wp\/v2\/pages"}],"about":[{"href":"https:\/\/www.thintanks.de\/cs\/wp-json\/wp\/v2\/types\/page"}],"author":[{"embeddable":true,"href":"https:\/\/www.thintanks.de\/cs\/wp-json\/wp\/v2\/users\/3"}],"replies":[{"embeddable":true,"href":"https:\/\/www.thintanks.de\/cs\/wp-json\/wp\/v2\/comments?post=27808"}],"version-history":[{"count":0,"href":"https:\/\/www.thintanks.de\/cs\/wp-json\/wp\/v2\/pages\/27808\/revisions"}],"wp:attachment":[{"href":"https:\/\/www.thintanks.de\/cs\/wp-json\/wp\/v2\/media?parent=27808"}],"curies":[{"name":"wp","href":"https:\/\/api.w.org\/{rel}","templated":true}]}}