{"id":27827,"date":"2023-10-13T00:07:55","date_gmt":"2023-10-12T22:07:55","guid":{"rendered":"https:\/\/www.thintanks.de\/archives-de-la-dg\/"},"modified":"2023-11-01T15:12:11","modified_gmt":"2023-11-01T14:12:11","slug":"archives-de-la-dg","status":"publish","type":"page","link":"https:\/\/www.thintanks.de\/fr\/archives-de-la-dg\/","title":{"rendered":"Archives de la DG"},"content":{"rendered":"\n<div class=\"wp-block-geodirectory-geodir-widget-search\"><div class=\"geodir-search-container bsui sdel-6b5e8662\" ><div class=\"geodir-search-form-wrapper mb-3\">\n\t<form class=\"w-100 d-block geodir-listing-search gd-search-bar-style geodir-search-show-all\" data-show=\"\" name=\"geodir-listing-search\" action=\"https:\/\/www.thintanks.de\/fr\/page-de-resultats-de-recherche\/\" method=\"get\" style=\"box-sizing:content-box;\">\n\t\t<input type=\"hidden\" name=\"geodir_search\" value=\"1\" \/>\n\t\t\n\t\t<div class=\"geodir-search form-row align-items-center\">\n\t\t\t\t<input type=\"hidden\" name=\"stype\" value=\"gd_place\" data-slug=\"dealer\" \/><div class='gd-search-field-search col-auto flex-fill\n' style=\"flex-grow:9999 !important;\" data-rule-key=\"s\" data-rule-type=\"text\">\n\t<div class=\"form-group\" ><label class=\"sr-only\">Search for<\/label><div class=\"input-group-inside position-relative w-100\" ><div class=\"input-group-prepend position-absolute h-100\"><div class=\"input-group-text  px-2 bg-transparent border-0\"><span class=\"geodir-search-input-label hover-swap text-muted\" onclick=\"jQuery('.search_text').val('').trigger('change').trigger('keyup');\" aria-hidden=\"true\"><i class=\"fas fa-search hover-content-original\"><\/i><i class=\"fas fa-times geodir-search-input-label-clear hover-content c-pointer\" title=\"Clear field\"><\/i><\/span><\/div><\/div><input type=\"text\"  name=\"s\"  placeholder=\"Search for\"  class=\"form-control search_text gd_search_text w-100 pl-4\"  onkeydown=\"if(event.keyCode == 13) geodir_click_search(this);\"  onClick=\"this.select();\"  autocomplete=\"off\"  size=\"16\"  aria-label=\"Search for\" ><\/div><\/div><\/div>\n<div class='gd-search-field-near col-auto flex-fill\n' style=\"flex-grow:9999 !important;\" data-rule-key=\"near\" data-rule-type=\"text\">\n\t<div class=\"form-group\" ><label class=\"sr-only sr-only visually-hidden\">Near<\/label><div class=\"input-group-inside position-relative w-100\" ><div class=\"input-group-prepend position-absolute h-100\"><div class=\"input-group-text  px-2 bg-transparent border-0\"><span class=\"geodir-search-input-label hover-swap text-muted\" onclick=\"jQuery('.snear').val('').trigger('change').trigger('keyup');jQuery('.sgeo_lat,.sgeo_lon').val('');\" aria-hidden=\"true\"><i class=\"fas fa-map-marker-alt hover-content-original\"><\/i><i class=\"fas fa-times geodir-search-input-label-clear hover-content c-pointer\" title=\"Clear field\"><\/i><\/span><\/div><\/div><input type=\"text\"  name=\"snear\"  placeholder=\"Near\"  class=\"form-control snear w-100 pl-4\"  onkeydown=\"javascript: if(event.keyCode == 13) geodir_click_search(this);\"  onClick=\"this.select();\"  autocomplete=\"off\"  size=\"16\"  aria-label=\"Near\"  data-toggle=\"dropdown\"  data-flip=\"false\" ><\/div><\/div><\/div>\n<div class='gd-search-field-search col-auto flex-grow-1 '>\n\t<div class='form-group'>\n\t\t<button type=\"button\"  class=\"geodir_submit_search btn w-100 btn-primary\"  data-title=\"fas fa-search\"  aria-label=\"Search\"  ><i class=\"fas fas fa-search\" aria-hidden=\"true\"><\/i><span class=\"sr-only visually-hidden\">Search<\/span><\/button>\n\t<\/div>\n<\/div>\n\t\t<\/div>\n\t\t\t\t<input name=\"sgeo_lat\" class=\"sgeo_lat\" type=\"hidden\" value=\"\"\/>\n\t\t<input name=\"sgeo_lon\" class=\"sgeo_lon\" type=\"hidden\" value=\"\"\/>\n\t\t<input class=\"geodir-location-search-type\" name=\"\" type=\"hidden\" value=\"\"><div class=\"geodir-keep-args\" style=\"display:none!important\">{\"hide_search_input\":false,\"hide_near_input\":false,\"input_size\":\"\",\"bar_flex_wrap\":\"\",\"bar_flex_wrap_md\":\"\",\"bar_flex_wrap_lg\":\"\",\"input_border\":\"\",\"input_border_opacity\":\"\",\"input_rounded_size\":\"\",\"btn_bg\":\"\",\"btn_rounded_size\":\"\",\"btn_rounded_size_md\":\"\",\"btn_rounded_size_lg\":\"\",\"bg\":\"\",\"mt\":\"\",\"mr\":\"\",\"mb\":\"3\",\"ml\":\"\",\"pt\":\"\",\"pr\":\"\",\"pb\":\"\",\"pl\":\"\",\"border\":\"\",\"rounded\":\"\",\"rounded_size\":\"\",\"rounded_size_md\":\"\",\"rounded_size_lg\":\"\",\"shadow\":\"\",\"css_class\":\"\"}<\/div>\t<\/form>\n<\/div>\n<\/div><\/div>\n\n<div class=\"bsui\"><div class=\"container-fluid full-widthx\"><div class=\"row\"><div class=\"col col-12 gd-sa-buttons\"><div class=\"d-lg-none mb-3\"><button class=\"btn btn-primary w-100 gd-sa-button-map\" onclick=\"jQuery( &#039;.gd-sa-list, .gd-sa-map, .gd-sa-button-map, .gd-sa-button-list&#039; ).toggleClass( &#039;d-none d-lg-block&#039; );if(!jQuery(this).hasClass(&#039;geodir-map-rendered&#039;)){window.setTimeout(function(){if(jQuery.goMap.map){if(window.gdMaps==&#039;osm&#039;){jQuery.goMap.map._onResize();jQuery.goMap.map.invalidateSize()}else{google.maps.event.trigger(jQuery.goMap.map,&#039;resize&#039;);}if(typeof keepBounds!=&#039;undefined&#039;&amp;&amp;keepBounds){jQuery.goMap.map.fitBounds(keepBounds);setZoom=jQuery.goMap.map.getZoom();if(setZoom&gt;13){jQuery.goMap.map.setZoom(13)}}}},100);}jQuery(this).addClass(&#039;geodir-map-rendered&#039;);\"> Show Map <i class=\"fas fa-map-marked ml-2\"><\/i><\/button><button class=\"btn btn-primary w-100 gd-sa-button-list d-none\"  onclick=\"jQuery( &#039;.gd-sa-list, .gd-sa-map, .gd-sa-button-map, .gd-sa-button-list&#039; ).toggleClass( &#039;d-none d-lg-block&#039; );jQuery(window).trigger(&#039;resize&#039;);\">Show Listings <i class=\"fas fa-th-list ml-2\"><\/i><\/button><\/div><\/div><div class=\"col col-12 col-lg-7  gd-sa-list\"><div class=\"geodir-loop-container bsui sdel-b73c5033\" ><div class=\"geodir-info d-block mx-1\">\n    <div class=\"alert alert-info \" role=\"alert\" ><i class=\"fas fa-info-circle\"><\/i> No listings were found matching your selection.<\/div><\/div>\n<\/div><\/div><div class=\"col col-12 col-lg-5 d-none d-lg-block gd-sa-map\"><div class=''> <div class=\"brlbs-cmpnt-container brlbs-cmpnt-content-blocker brlbs-cmpnt-with-individual-styles\" data-borlabs-cookie-content-blocker-id=\"open-street-map-geo-directory\" data-borlabs-cookie-content=\"PGRpdiBjbGFzcz0iZ2VvZGlyLXdndC1tYXAgYnN1aSBzZGVsLTAwNTZkOWU1IiA+PCEtLVNUQVJUIGdlb2Rpci1tYXAtd3JhcC0tPgo8ZGl2IGNsYXNzPSJnZW9kaXItbWFwLXdyYXAgZ2VvZGlyLWRpcmVjdG9yeS1tYXAtd3JhcCAxMDAgNzAwcHggb3ZlcmZsb3ctaGlkZGVuIj4KCTxkaXYgaWQ9ImNhdGNoZXJfZ2RfbWFwX2NhbnZhc19kaXJlY3RvcnkiPjwvZGl2PgoJPCEtLVNUQVJUIHN0aWNrX3RyaWdnZXJfY29udGFpbmVyLS0+Cgk8ZGl2IGNsYXNzPSJzdGlja190cmlnZ2VyX2NvbnRhaW5lciBic3VpIj4KCQk8ZGl2IGNsYXNzPSJ0cmlnZ2VyX3N0aWNreSB0cmlnZ2Vyb2ZmX3N0aWNreSBtdC1uNSBidG4gYnRuLXNlY29uZGFyeSBtci1uMiBtZS1uMiBjLXBvaW50ZXIiIHN0eWxlPSJkaXNwbGF5OiBub25lOyI+CgkJCTxpIGNsYXNzPSJmYXMgZmEtbWFwLW1hcmtlZC1hbHQiPjwvaT4KCQkJPGkgY2xhc3M9ImZhcyBmYS1hbmdsZS1yaWdodCI+PC9pPgoJCTwvZGl2PgoJCTwhLS1lbmQgb2Ygc3RpY2sgdHJpZ2dlciBjb250YWluZXItLT4KCQk8ZGl2IGNsYXNzPSJnZW9kaXJfbWFwX2NvbnRhaW5lciBnZF9tYXBfY2FudmFzX2RpcmVjdG9yeSBic3VpIHBvc2l0aW9uLXJlbGF0aXZlIG13LTEwMCIKCQkgICAgIGlkPSJzdGlja3lfbWFwX2dkX21hcF9jYW52YXNfZGlyZWN0b3J5IgoJCSAgICAgc3R5bGU9IndpZHRoOjEwMCU7bWluLWhlaWdodDo3MDBweDsiPgoJCQk8IS0tRU5EIG1hcF9iYWNrZ3JvdW5kLS0+CgkJCTxkaXYgY2xhc3M9Im1hcF9iYWNrZ3JvdW5kIj4KCQkJCTxkaXYgY2xhc3M9InRvcF9iYW5uZXJfc2VjdGlvbl9pbiBjbGVhcmZpeCI+CgkJCQkJPGRpdiBjbGFzcz0iZ2RfbWFwX2NhbnZhc19kaXJlY3RvcnlfVG9wTGVmdCBUb3BMZWZ0IHBvc2l0aW9uLWFic29sdXRlIGJnLXdoaXRlIHRleHQtbXV0ZWQgcm91bmRlZC1zbSByb3VuZGVkLTEgc2hhZG93LXNtIG0tMiBweC0xIHB5LTEgaDUgYy1wb2ludGVyIiBzdHlsZT0iei1pbmRleDogMzsiPgoJCQkJCQk8c3BhbiBjbGFzcz0idHJpZ2dlcm1hcCIgaWQ9ImdkX21hcF9jYW52YXNfZGlyZWN0b3J5X3RyaWdnZXJtYXAiPgoJCQkJCQkJPGkgY2xhc3M9ImZhcyBmYS1leHBhbmQtYXJyb3dzLWFsdCBmYS1mdyIgYXJpYS1oaWRkZW49InRydWUiPjwvaT4KCQkJCQkJCTxpIGNsYXNzPSJmYXMgZmEtY29tcHJlc3MtYXJyb3dzLWFsdCBmYS1mdyBkLW5vbmUiIGFyaWEtaGlkZGVuPSJ0cnVlIj48L2k+CgkJCQkJCTwvc3Bhbj4KCQkJCQk8L2Rpdj4KCQkJCQk8ZGl2IGNsYXNzPSJnZF9tYXBfY2FudmFzX2RpcmVjdG9yeV9Ub3BSaWdodCBUb3BSaWdodCI+PC9kaXY+CgkJCQkJPGRpdiBpZD0iZ2RfbWFwX2NhbnZhc19kaXJlY3Rvcnlfd3JhcHBlciIgY2xhc3M9Im1haW5fbWFwX3dyYXBwZXIiIHN0eWxlPSJoZWlnaHQ6NzAwcHg7d2lkdGg6MTAwJTsiPgoJCQkJCQk8ZGl2IGNsYXNzPSJpcHJlbGF0aXZlIHBvc2l0aW9uLXJlbGF0aXZlIj4KCQkJCQkJCTxkaXYgaWQ9ImdkX21hcF9jYW52YXNfZGlyZWN0b3J5IiBjbGFzcz0iZ2VvZGlyLW1hcC1jYW52YXMiIGRhdGEtbWFwLXR5cGU9ImRpcmVjdG9yeSIgZGF0YS1tYXAtY2FudmFzPSJnZF9tYXBfY2FudmFzX2RpcmVjdG9yeSIgc3R5bGU9ImhlaWdodDo3MDBweDt3aWR0aDoxMDAlO3otaW5kZXg6IDA7IiA+PC9kaXY+CgkJCQkJCQk8ZGl2IGlkPSJnZF9tYXBfY2FudmFzX2RpcmVjdG9yeV9sb2FkaW5nX2RpdiIgY2xhc3M9ImxvYWRpbmdfZGl2IG92ZXJsYXkgb3ZlcmxheS1ibGFjayBwb3NpdGlvbi1hYnNvbHV0ZSByb3cgbS0wIiBzdHlsZT0iaGVpZ2h0OjcwMHB4O3dpZHRoOjEwMCU7dG9wOjA7ei1pbmRleDogMjsiPgoJCQkJCQkJCTxkaXYgY2xhc3M9InNwaW5uZXItYm9yZGVyIG14LWF1dG8gYWxpZ24tc2VsZi1jZW50ZXIgdGV4dC13aGl0ZSIgcm9sZT0ic3RhdHVzIj4KCQkJCQkJCQkJPHNwYW4gY2xhc3M9InNyLW9ubHkgdmlzdWFsbHktaGlkZGVuIj5Mb2FkaW5nLi4uPC9zcGFuPgoJCQkJCQkJCTwvZGl2PgoJCQkJCQkJPC9kaXY+CgkJCQkJCQk8ZGl2IGlkPSJnZF9tYXBfY2FudmFzX2RpcmVjdG9yeV9tYXBfbm9mb3VuZCIKCQkJCQkJCSAgICAgY2xhc3M9ImFkdm1hcF9ub2ZvdW5kIHBvc2l0aW9uLWFic29sdXRlIHJvdyBtLTAgei1pbmRleC0xIgoJCQkJCQkJICAgICBzdHlsZT0iZGlzcGxheTpub25lO3RyYW5zZm9ybTogdHJhbnNsYXRlKC01MCUsIC01MCUpO3RvcDo1MCU7bGVmdDo1MCU7b3BhY2l0eTogLjg1O3BvaW50ZXItZXZlbnRzOiBub25lOyI+CgkJCQkJCQkJPGRpdiBjbGFzcz0iYWxlcnQgYWxlcnQtaW5mbyB0ZXh0LWNlbnRlciBteC1hdXRvIGFsaWduLXNlbGYtY2VudGVyIHNoYWRvdy1sZyBtYi0wIj4KCQkJCQkJCQkJPGRpdiBjbGFzcz0naDMgYWxlcnQtaGVhZGluZyc+Tm8gUmVjb3JkcyBGb3VuZDwvZGl2PjxwPiBTb3JyeSwgbm8gcmVjb3JkcyB3ZXJlIGZvdW5kLiBQbGVhc2UgYWRqdXN0IHlvdXIgc2VhcmNoIGNyaXRlcmlhIGFuZCB0cnkgYWdhaW4uPC9wPgkJCQkJCQkJPC9kaXY+CgkJCQkJCQk8L2Rpdj4KCQkJCQkJCTxkaXYgaWQ9ImdkX21hcF9jYW52YXNfZGlyZWN0b3J5X21hcF9ub3Rsb2FkZWQiCgkJCQkJCQkgICAgIGNsYXNzPSJhZHZtYXBfbm90bG9hZGVkIHBvc2l0aW9uLWFic29sdXRlIHJvdyBtLTAgei1pbmRleC0xIgoJCQkJCQkJICAgICBzdHlsZT0iZGlzcGxheTpub25lO3RyYW5zZm9ybTogdHJhbnNsYXRlKC01MCUsIC01MCUpO3RvcDo1MCU7bGVmdDo1MCU7b3BhY2l0eTogLjg1O3BvaW50ZXItZXZlbnRzOiBub25lOyI+CgkJCQkJCQkJPGRpdiBjbGFzcz0iYWxlcnQgYWxlcnQtZGFuZ2VyIHRleHQtY2VudGVyIG14LWF1dG8gYWxpZ24tc2VsZi1jZW50ZXIgc2hhZG93LWxnIG1iLTAiPgoJCQkJCQkJCQk8ZGl2IGNsYXNzPSdoMyBhbGVydC1oZWFkaW5nJz5NYXBzIGZhaWxlZCB0byBsb2FkPC9kaXY+PHA+IFNvcnJ5LCB1bmFibGUgdG8gbG9hZCB0aGUgTWFwcyBBUEkuPC9wPgkJCQkJCQkJPC9kaXY+CgkJCQkJCQk8L2Rpdj4KCQkJCQkJPC9kaXY+CgkJCQkJPC9kaXY+CgkJCQkJPGRpdiBjbGFzcz0iZ2RfbWFwX2NhbnZhc19kaXJlY3RvcnlfQm90dG9tTGVmdCBCb3R0b21MZWZ0Ij48L2Rpdj4KCQkJCTwvZGl2PgoJCQk8L2Rpdj48IS0tRU5EIG1hcF9iYWNrZ3JvdW5kLS0+CgkJCQkJPC9kaXY+CgkJPHN0eWxlPi5nZW9kaXJfbWFwX2NvbnRhaW5lciAucG9pLWluZm8td2luZG93IC5mdWxsLXdpZHRoe3dpZHRoOjE4MHB4O3Bvc2l0aW9uOnJlbGF0aXZlO21hcmdpbi1sZWZ0OmluaGVyaXQ7bGVmdDppbmhlcml0O30uZ2VvZGlyLW1hcC1jYW52YXMgLmdtLXN0eWxlIGltZ3ttYXgtd2lkdGg6bm9uZX08L3N0eWxlPgo8c2NyaXB0IHR5cGU9InRleHQvamF2YXNjcmlwdCI+CndpbmRvdy5nZEJhc2VMYXQgPSAwOwp3aW5kb3cuZ2RCYXNlTG5nID0gMDsKd2luZG93LmdkQmFzZVpvb20gPSAwOwpqUXVlcnkoZnVuY3Rpb24gKCQpIHsKCQkJalF1ZXJ5KCcjZ2RfbWFwX2NhbnZhc19kaXJlY3RvcnknKS5nZW9kaXJMb2FkTWFwKHsKCQltYXBfY2FudmFzOiAnZ2RfbWFwX2NhbnZhc19kaXJlY3RvcnknLAoJCWNhbGxiYWNrOiBmdW5jdGlvbigpIHsJCQl2YXIgZ2RNYXBDYW52YXMgPSAnZ2RfbWFwX2NhbnZhc19kaXJlY3RvcnknOwoJCQlidWlsZF9tYXBfYWpheF9zZWFyY2hfcGFyYW0oZ2RNYXBDYW52YXMsIGZhbHNlKTsJCQkJCQkJCQkJCQl2YXIgc2NyZWVuSCwgaGVpZ2h0VkgsIHB0eXBlSCA9IDA7CgkJCXNjcmVlbkggPSAkKHdpbmRvdykuaGVpZ2h0KCk7CgkJCWhlaWdodFZIID0gcGFyc2VGbG9hdCgnNzAwJyk7CgkJCWlmICgkKCIjIiArIGdkTWFwQ2FudmFzICsgIl9wb3N0dHlwZV9tZW51IikubGVuZ3RoKSB7CgkJCQlwdHlwZUggPSAkKCIjIiArIGdkTWFwQ2FudmFzICsgIl9wb3N0dHlwZV9tZW51Iikub3V0ZXJIZWlnaHQoKTsKCQkJfQoJCQkkKCIjIiArIGdkTWFwQ2FudmFzICsgIl9jYXQiKS5jc3MoIm1heC1oZWlnaHQiLCBoZWlnaHRWSCAtIHB0eXBlSCArICdweCcpOwoJCQkJCX0KCX0pO30pOwo8L3NjcmlwdD4KCQkJPC9kaXY+PCEtLUVORCBzdGlja190cmlnZ2VyX2NvbnRhaW5lci0tPgo8L2Rpdj48IS0tRU5EIGdlb2Rpci1tYXAtd3JhcC0tPgo8c3R5bGU+Ym9keS5zdGlja3ltYXBfaGlkZSAuc3RpY2t5bWFwe2Rpc3BsYXk6bm9uZSFpbXBvcnRhbnR9Ym9keS5zdGlja3ltYXBfaGlkZSAuc3RpY2tfdHJpZ2dlcl9jb250YWluZXIgLmZhLWFuZ2xlLXJpZ2h0e3RyYW5zZm9ybTpyb3RhdGUoMTgwZGVnKX1ib2R5LmJvZHlfZnVsbHNjcmVlbj4uc3RpY2tfdHJpZ2dlcl9jb250YWluZXJ7d2lkdGg6MTAwdnc7aGVpZ2h0OjEwMHZoO3Bvc2l0aW9uOmZpeGVkO3otaW5kZXg6NTAwMDB9Ym9keS5nZC1nb29nbGUtbWFwcyAuZ2VvZGlyLW1hcC13cmFwIC5nZW9kaXItbWFwLWNhdC1maWx0ZXItd3JhcHttYXJnaW4tYm90dG9tOjE0cHghaW1wb3J0YW50fWJvZHkuZ2Qtb3NtLWdtYXBzIC5nZW9kaXItbWFwLXdyYXAgLmdlb2Rpci1tYXAtY2F0LWZpbHRlci13cmFwe21hcmdpbi1ib3R0b206MTYuNXB4IWltcG9ydGFudH08L3N0eWxlPgo8L2Rpdj4=\"><div class=\"brlbs-cmpnt-cb-preset-b\"> <div class=\"brlbs-cmpnt-cb-thumbnail\" style=\"background-image: url('https:\/\/www.thintanks.de\/wp-content\/uploads\/borlabs-cookie\/1\/brlbs-cb-google-maps-main.png')\"><\/div> <div class=\"brlbs-cmpnt-cb-main\"> <div class=\"brlbs-cmpnt-cb-content\"> <p class=\"brlbs-cmpnt-cb-description\">Vous \u00eates actuellement en train de consulter le contenu d'un espace r\u00e9serv\u00e9 de <strong>OpenStreetMap<\/strong>. Pour acc\u00e9der au contenu r\u00e9el, cliquez sur le bouton ci-dessous. Veuillez noter que ce faisant, des donn\u00e9es seront partag\u00e9es avec des providers tiers.<\/p> <a class=\"brlbs-cmpnt-cb-provider-toggle\" href=\"#\" data-borlabs-cookie-show-provider-information role=\"button\">Plus d'informations<\/a> <\/div> <div class=\"brlbs-cmpnt-cb-buttons\"> <a class=\"brlbs-cmpnt-cb-btn\" href=\"#\" data-borlabs-cookie-unblock role=\"button\">D\u00e9bloquer le contenu<\/a> <a class=\"brlbs-cmpnt-cb-btn\" href=\"#\" data-borlabs-cookie-accept-service role=\"button\" style=\"display: inherit\">Accepter le service requis et d\u00e9bloquer les contenus<\/a> <\/div> <\/div> <\/div><\/div><\/div><\/div><\/div><\/div><\/div>\n","protected":false},"excerpt":{"rendered":"","protected":false},"author":3,"featured_media":0,"parent":0,"menu_order":0,"comment_status":"closed","ping_status":"closed","template":"","meta":{"footnotes":""},"class_list":["post-27827","page","type-page","status-publish","hentry"],"_links":{"self":[{"href":"https:\/\/www.thintanks.de\/fr\/wp-json\/wp\/v2\/pages\/27827","targetHints":{"allow":["GET"]}}],"collection":[{"href":"https:\/\/www.thintanks.de\/fr\/wp-json\/wp\/v2\/pages"}],"about":[{"href":"https:\/\/www.thintanks.de\/fr\/wp-json\/wp\/v2\/types\/page"}],"author":[{"embeddable":true,"href":"https:\/\/www.thintanks.de\/fr\/wp-json\/wp\/v2\/users\/3"}],"replies":[{"embeddable":true,"href":"https:\/\/www.thintanks.de\/fr\/wp-json\/wp\/v2\/comments?post=27827"}],"version-history":[{"count":0,"href":"https:\/\/www.thintanks.de\/fr\/wp-json\/wp\/v2\/pages\/27827\/revisions"}],"wp:attachment":[{"href":"https:\/\/www.thintanks.de\/fr\/wp-json\/wp\/v2\/media?parent=27827"}],"curies":[{"name":"wp","href":"https:\/\/api.w.org\/{rel}","templated":true}]}}