{"id":28060,"date":"2023-10-23T22:04:36","date_gmt":"2023-10-23T20:04:36","guid":{"rendered":"https:\/\/www.thintanks.de\/keres-maganuegyfelek-szamara\/"},"modified":"2023-10-27T22:40:20","modified_gmt":"2023-10-27T20:40:20","slug":"keres-maganuegyfelek-szamara","status":"publish","type":"page","link":"https:\/\/www.thintanks.de\/hu\/keres-maganuegyfelek-szamara\/","title":{"rendered":"K\u00e9r\u00e9s mag\u00e1n\u00fcgyfelek sz\u00e1m\u00e1ra"},"content":{"rendered":"\t\t<div data-elementor-type=\"wp-page\" data-elementor-id=\"28060\" class=\"elementor elementor-28060 elementor-28055\" data-elementor-post-type=\"page\">\n\t\t\t\t<div class=\"elementor-element elementor-element-f0fc407 e-flex e-con-boxed e-con e-parent\" data-id=\"f0fc407\" data-element_type=\"container\">\n\t\t\t\t\t<div class=\"e-con-inner\">\n\t\t\t\t<div class=\"elementor-element elementor-element-354e48ee elementor-widget elementor-widget-heading\" data-id=\"354e48ee\" data-element_type=\"widget\" data-widget_type=\"heading.default\">\n\t\t\t\t<div class=\"elementor-widget-container\">\n\t\t\t\t\t<h2 class=\"elementor-heading-title elementor-size-default\">Fedezze fel a thintankokat otthon\u00e1ban<\/h2>\t\t\t\t<\/div>\n\t\t\t\t<\/div>\n\t\t\t\t<div class=\"elementor-element elementor-element-6c6a7607 elementor-widget elementor-widget-text-editor\" data-id=\"6c6a7607\" data-element_type=\"widget\" data-widget_type=\"text-editor.default\">\n\t\t\t\t<div class=\"elementor-widget-container\">\n\t\t\t\t\t\t\t\t\t<p>K\u00f6sz\u00f6nj\u00fck, hogy \u00e9rdekl\u0151dik a k\u00f6rnyezettudatos <b>thintanks<\/b> es\u0151v\u00edztart\u00e1lyaink ir\u00e1nt. C\u00e9lunk, hogy magas min\u0151s\u00e9g\u0171 \u00e9s k\u00f6rnyezetbar\u00e1t megold\u00e1sokat k\u00edn\u00e1ljunk \u00d6nnek, amelyek pontosan az \u00d6n egyedi ig\u00e9nyeihez igazodnak. A thintanks seg\u00edts\u00e9g\u00e9vel hat\u00e9kony \u00e9s <b>z\u00f6ld v\u00edzgazd\u00e1lkod\u00e1st<\/b> v\u00e1laszthat <b>otthon\u00e1ban<\/b>.<\/p>\n<p>Szem\u00e9lyes megkeres\u00e9shez haszn\u00e1lja az al\u00e1bbi \u0171rlapot. Szak\u00e9rt\u0151 tan\u00e1csad\u00f3ink lelkesen \u00e9s r\u00e9szletesen t\u00e1mogatj\u00e1k \u00d6nt, \u00e9s \u00d6nnel egy\u00fctt megtal\u00e1lj\u00e1k a lehet\u0151 legjobb megold\u00e1st. <b>Szak\u00e9rt\u0151i tan\u00e1csokkal<\/b> seg\u00edt\u00fcnk \u00d6nnek a kiv\u00e1laszt\u00e1si folyamatban, hogy a lehet\u0151 legt\u00f6bbet hozza ki a d\u00f6nt\u00e9s\u00e9b\u0151l.<\/p>\n\t\t\t\t\t\t\t\t<\/div>\n\t\t\t\t<\/div>\n\t\t\t\t\t<\/div>\n\t\t\t\t<\/div>\n\t\t<div class=\"elementor-element elementor-element-10f78324 e-flex e-con-boxed e-con e-parent\" data-id=\"10f78324\" data-element_type=\"container\">\n\t\t\t\t\t<div class=\"e-con-inner\">\n\t\t\t\t<div class=\"elementor-element elementor-element-768cc45d elementor-widget elementor-widget-heading\" data-id=\"768cc45d\" data-element_type=\"widget\" data-widget_type=\"heading.default\">\n\t\t\t\t<div class=\"elementor-widget-container\">\n\t\t\t\t\t<h2 class=\"elementor-heading-title elementor-size-default\">\u00c9rdekl\u0151d\u00e9si \u0171rlap<\/h2>\t\t\t\t<\/div>\n\t\t\t\t<\/div>\n\t\t\t\t<div class=\"elementor-element elementor-element-1d2b89d4 elementor-button-align-start elementor-widget elementor-widget-form\" data-id=\"1d2b89d4\" data-element_type=\"widget\" data-settings=\"{&quot;step_next_label&quot;:&quot;K\\u00f6vetkez\\u0151&quot;,&quot;step_previous_label&quot;:&quot;El\\u0151z\\u0151&quot;,&quot;button_width&quot;:&quot;100&quot;,&quot;step_type&quot;:&quot;number_text&quot;,&quot;step_icon_shape&quot;:&quot;circle&quot;}\" data-widget_type=\"form.default\">\n\t\t\t\t<div class=\"elementor-widget-container\">\n\t\t\t\t\t\t\t<form class=\"elementor-form\" method=\"post\" name=\"Kapcsolatfelv\u00e9teli \u0171rlap - \u00dczleti \u00fcgyfelek\" aria-label=\"Kapcsolatfelv\u00e9teli \u0171rlap - \u00dczleti \u00fcgyfelek\">\n\t\t\t<input type=\"hidden\" name=\"post_id\" value=\"28060\"\/>\n\t\t\t<input type=\"hidden\" name=\"form_id\" value=\"1d2b89d4\"\/>\n\t\t\t<input type=\"hidden\" name=\"referer_title\" value=\"K\u00e9r\u00e9s mag\u00e1n\u00fcgyfelek sz\u00e1m\u00e1ra - ThinTanks\" \/>\n\n\t\t\t\t\t\t\t<input type=\"hidden\" name=\"queried_id\" value=\"28060\"\/>\n\t\t\t\n\t\t\t<div class=\"elementor-form-fields-wrapper elementor-labels-above\">\n\t\t\t\t\t\t\t\t<div class=\"elementor-field-type-text elementor-field-group elementor-column elementor-field-group-name elementor-col-100 elementor-field-required elementor-mark-required\">\n\t\t\t\t\t\t\t\t\t\t\t\t<label for=\"form-field-name\" class=\"elementor-field-label\">\n\t\t\t\t\t\t\t\tN\u00e9v\t\t\t\t\t\t\t<\/label>\n\t\t\t\t\t\t\t\t\t\t\t\t\t\t<input size=\"1\" type=\"text\" name=\"form_fields[name]\" id=\"form-field-name\" class=\"elementor-field elementor-size-sm  elementor-field-textual\" placeholder=\"Az \u00d6n neve\" required=\"required\">\n\t\t\t\t\t\t\t\t\t\t\t<\/div>\n\t\t\t\t\t\t\t\t<div class=\"elementor-field-type-email elementor-field-group elementor-column elementor-field-group-email elementor-col-100 elementor-field-required elementor-mark-required\">\n\t\t\t\t\t\t\t\t\t\t\t\t<label for=\"form-field-email\" class=\"elementor-field-label\">\n\t\t\t\t\t\t\t\tE-mail\t\t\t\t\t\t\t<\/label>\n\t\t\t\t\t\t\t\t\t\t\t\t\t\t<input size=\"1\" type=\"email\" name=\"form_fields[email]\" id=\"form-field-email\" class=\"elementor-field elementor-size-sm  elementor-field-textual\" placeholder=\"Az \u00d6n e-mail c\u00edme\" required=\"required\">\n\t\t\t\t\t\t\t\t\t\t\t<\/div>\n\t\t\t\t\t\t\t\t<div class=\"elementor-field-type-tel elementor-field-group elementor-column elementor-field-group-field_d2dab98 elementor-col-100\">\n\t\t\t\t\t\t\t\t\t\t\t\t<label for=\"form-field-field_d2dab98\" class=\"elementor-field-label\">\n\t\t\t\t\t\t\t\tTelefon\t\t\t\t\t\t\t<\/label>\n\t\t\t\t\t\t\t\t<input size=\"1\" type=\"tel\" name=\"form_fields[field_d2dab98]\" id=\"form-field-field_d2dab98\" class=\"elementor-field elementor-size-sm  elementor-field-textual\" placeholder=\"Az \u00d6n telefonsz\u00e1ma (nem k\u00f6telez\u0151)\" pattern=\"[0-9()#&amp;+*-=.]+\" title=\"Only numbers and phone characters (#, -, *, etc) are accepted.\">\n\n\t\t\t\t\t\t<\/div>\n\t\t\t\t\t\t\t\t<div class=\"elementor-field-type-checkbox elementor-field-group elementor-column elementor-field-group-field_c0f7acd elementor-col-100\">\n\t\t\t\t\t\t\t\t\t\t\t\t<label for=\"form-field-field_c0f7acd\" class=\"elementor-field-label\">\n\t\t\t\t\t\t\t\t\u00c9rdekl\u0151d\u00e9s a term\u00e9kek ir\u00e1nt\t\t\t\t\t\t\t<\/label>\n\t\t\t\t\t\t<div class=\"elementor-field-subgroup  elementor-subgroup-inline\"><span class=\"elementor-field-option\"><input type=\"checkbox\" value=\"thintanks 1000 L sorozat 2\" id=\"form-field-field_c0f7acd-0\" name=\"form_fields[field_c0f7acd][]\"> <label for=\"form-field-field_c0f7acd-0\">thintanks 1000 L sorozat 2<\/label><\/span><span class=\"elementor-field-option\"><input type=\"checkbox\" value=\"tintatart\u00e1lyok 2000 L\" id=\"form-field-field_c0f7acd-1\" name=\"form_fields[field_c0f7acd][]\"> <label for=\"form-field-field_c0f7acd-1\">tintatart\u00e1lyok 2000 L<\/label><\/span><span class=\"elementor-field-option\"><input type=\"checkbox\" value=\"thintanks tartoz\u00e9kok\" id=\"form-field-field_c0f7acd-2\" name=\"form_fields[field_c0f7acd][]\"> <label for=\"form-field-field_c0f7acd-2\">thintanks tartoz\u00e9kok<\/label><\/span><\/div>\t\t\t\t<\/div>\n\t\t\t\t\t\t\t\t<div class=\"elementor-field-type-textarea elementor-field-group elementor-column elementor-field-group-message elementor-col-100\">\n\t\t\t\t\t\t\t\t\t\t\t\t<label for=\"form-field-message\" class=\"elementor-field-label\">\n\t\t\t\t\t\t\t\t\u00dczenet\t\t\t\t\t\t\t<\/label>\n\t\t\t\t\t\t<textarea class=\"elementor-field-textual elementor-field  elementor-size-sm\" name=\"form_fields[message]\" id=\"form-field-message\" rows=\"6\" placeholder=\"Az \u00d6n \u00fczenete (nem k\u00f6telez\u0151)\"><\/textarea>\t\t\t\t<\/div>\n\t\t\t\t\t\t\t\t<div class=\"elementor-field-type-acceptance elementor-field-group elementor-column elementor-field-group-field_4163f71 elementor-col-100 elementor-field-required elementor-mark-required\">\n\t\t\t\t\t\t\t\t\t\t\t\t<label for=\"form-field-field_4163f71\" class=\"elementor-field-label\">\n\t\t\t\t\t\t\t\tHozz\u00e1j\u00e1rul\u00e1s Adatv\u00e9delmi ir\u00e1nyelvek\t\t\t\t\t\t\t<\/label>\n\t\t\t\t\t\t\t\t<div class=\"elementor-field-subgroup\">\n\t\t\t<span class=\"elementor-field-option\">\n\t\t\t\t<input type=\"checkbox\" name=\"form_fields[field_4163f71]\" id=\"form-field-field_4163f71\" class=\"elementor-field elementor-size-sm  elementor-acceptance-field\" required=\"required\">\n\t\t\t\t<label for=\"form-field-field_4163f71\">Elfogadom az <a class=\"accept-privacy-policy-link\" href=\"https:\/\/www.thintanks.de\/hu\/adatvedelmi-szabalyzat\/\" target=\"_blank\">adatv\u00e9delmi szab\u00e1lyzatot<\/a> <\/label>\t\t\t<\/span>\n\t\t<\/div>\n\t\t\t\t\t\t<\/div>\n\t\t\t\t\t\t\t\t<div class=\"elementor-field-type-text\">\n\t\t\t\t\t<input size=\"1\" type=\"text\" name=\"form_fields[field_d1e5d41]\" id=\"form-field-field_d1e5d41\" class=\"elementor-field elementor-size-sm \" style=\"display:none !important;\">\t\t\t\t<\/div>\n\t\t\t\t\t\t\t\t<div class=\"elementor-field-group elementor-column elementor-field-type-submit elementor-col-100 e-form__buttons\">\n\t\t\t\t\t<button class=\"elementor-button elementor-size-md\" type=\"submit\">\n\t\t\t\t\t\t<span class=\"elementor-button-content-wrapper\">\n\t\t\t\t\t\t\t\t\t\t\t\t\t\t\t\t\t\t\t\t\t\t<span class=\"elementor-button-text\">K\u00fcldje el a<\/span>\n\t\t\t\t\t\t\t\t\t\t\t\t\t<\/span>\n\t\t\t\t\t<\/button>\n\t\t\t\t<\/div>\n\t\t\t<\/div>\n\t\t<\/form>\n\t\t\t\t\t\t<\/div>\n\t\t\t\t<\/div>\n\t\t\t\t\t<\/div>\n\t\t\t\t<\/div>\n\t\t\t\t<\/div>\n\t\t","protected":false},"excerpt":{"rendered":"<p>Fedezze fel a thintankokat otthon\u00e1ban K\u00f6sz\u00f6nj\u00fck, hogy \u00e9rdekl\u0151dik a k\u00f6rnyezettudatos thintanks es\u0151v\u00edztart\u00e1lyaink ir\u00e1nt. C\u00e9lunk, hogy magas min\u0151s\u00e9g\u0171 \u00e9s k\u00f6rnyezetbar\u00e1t megold\u00e1sokat k\u00edn\u00e1ljunk \u00d6nnek, amelyek pontosan az \u00d6n egyedi ig\u00e9nyeihez igazodnak. A thintanks seg\u00edts\u00e9g\u00e9vel hat\u00e9kony \u00e9s z\u00f6ld v\u00edzgazd\u00e1lkod\u00e1st v\u00e1laszthat otthon\u00e1ban. Szem\u00e9lyes megkeres\u00e9shez haszn\u00e1lja az al\u00e1bbi \u0171rlapot. Szak\u00e9rt\u0151 tan\u00e1csad\u00f3ink lelkesen \u00e9s r\u00e9szletesen t\u00e1mogatj\u00e1k \u00d6nt, \u00e9s \u00d6nnel egy\u00fctt megtal\u00e1lj\u00e1k [&hellip;]<\/p>\n","protected":false},"author":3,"featured_media":0,"parent":0,"menu_order":0,"comment_status":"closed","ping_status":"closed","template":"","meta":{"footnotes":""},"class_list":["post-28060","page","type-page","status-publish","hentry"],"_links":{"self":[{"href":"https:\/\/www.thintanks.de\/hu\/wp-json\/wp\/v2\/pages\/28060","targetHints":{"allow":["GET"]}}],"collection":[{"href":"https:\/\/www.thintanks.de\/hu\/wp-json\/wp\/v2\/pages"}],"about":[{"href":"https:\/\/www.thintanks.de\/hu\/wp-json\/wp\/v2\/types\/page"}],"author":[{"embeddable":true,"href":"https:\/\/www.thintanks.de\/hu\/wp-json\/wp\/v2\/users\/3"}],"replies":[{"embeddable":true,"href":"https:\/\/www.thintanks.de\/hu\/wp-json\/wp\/v2\/comments?post=28060"}],"version-history":[{"count":0,"href":"https:\/\/www.thintanks.de\/hu\/wp-json\/wp\/v2\/pages\/28060\/revisions"}],"wp:attachment":[{"href":"https:\/\/www.thintanks.de\/hu\/wp-json\/wp\/v2\/media?parent=28060"}],"curies":[{"name":"wp","href":"https:\/\/api.w.org\/{rel}","templated":true}]}}