{"id":28061,"date":"2023-10-23T22:04:36","date_gmt":"2023-10-23T20:04:36","guid":{"rendered":"https:\/\/www.thintanks.de\/wniosek-dla-klientow-prywatnych\/"},"modified":"2023-10-27T22:40:20","modified_gmt":"2023-10-27T20:40:20","slug":"wniosek-dla-klientow-prywatnych","status":"publish","type":"page","link":"https:\/\/www.thintanks.de\/pl\/wniosek-dla-klientow-prywatnych\/","title":{"rendered":"Wniosek dla klient\u00f3w prywatnych"},"content":{"rendered":"\t\t<div data-elementor-type=\"wp-page\" data-elementor-id=\"28061\" class=\"elementor elementor-28061 elementor-28055\" data-elementor-post-type=\"page\">\n\t\t\t\t<div class=\"elementor-element elementor-element-f0fc407 e-flex e-con-boxed e-con e-parent\" data-id=\"f0fc407\" data-element_type=\"container\">\n\t\t\t\t\t<div class=\"e-con-inner\">\n\t\t\t\t<div class=\"elementor-element elementor-element-354e48ee elementor-widget elementor-widget-heading\" data-id=\"354e48ee\" data-element_type=\"widget\" data-widget_type=\"heading.default\">\n\t\t\t\t<div class=\"elementor-widget-container\">\n\t\t\t\t\t<h2 class=\"elementor-heading-title elementor-size-default\">Odkryj thintanks dla swojego domu<\/h2>\t\t\t\t<\/div>\n\t\t\t\t<\/div>\n\t\t\t\t<div class=\"elementor-element elementor-element-6c6a7607 elementor-widget elementor-widget-text-editor\" data-id=\"6c6a7607\" data-element_type=\"widget\" data-widget_type=\"text-editor.default\">\n\t\t\t\t<div class=\"elementor-widget-container\">\n\t\t\t\t\t\t\t\t\t<p>Dzi\u0119kujemy za zainteresowanie naszymi przyjaznymi dla \u015brodowiska zbiornikami na wod\u0119 deszczow\u0105 <b>thintanks<\/b> dla Pa\u0144stwa domu. Naszym celem jest zapewnienie Pa\u0144stwu wysokiej jako\u015bci i ekologicznych rozwi\u0105za\u0144, kt\u00f3re s\u0105 precyzyjnie dostosowane do Pa\u0144stwa indywidualnych potrzeb. Dzi\u0119ki thintankom wybieraj\u0105 Pa\u0144stwo efektywne i <b>ekologiczne zarz\u0105dzanie wod\u0105 w domu<\/b>.<\/p>\n<p>Prosz\u0119 skorzysta\u0107 z poni\u017cszego formularza zapytania. Nasi doradcy z entuzjazmem udziel\u0105 Pa\u0144stwu szczeg\u00f3\u0142owego wsparcia i wsp\u00f3lnie z Pa\u0144stwem znajd\u0105 najlepsze mo\u017cliwe rozwi\u0105zanie. Dzi\u0119ki <b>fachowemu doradztwu<\/b> pomo\u017cemy Pa\u0144stwu w procesie wyboru, aby zapewni\u0107 jak najlepsze wykorzystanie podj\u0119tej decyzji.<\/p>\n\t\t\t\t\t\t\t\t<\/div>\n\t\t\t\t<\/div>\n\t\t\t\t\t<\/div>\n\t\t\t\t<\/div>\n\t\t<div class=\"elementor-element elementor-element-10f78324 e-flex e-con-boxed e-con e-parent\" data-id=\"10f78324\" data-element_type=\"container\">\n\t\t\t\t\t<div class=\"e-con-inner\">\n\t\t\t\t<div class=\"elementor-element elementor-element-768cc45d elementor-widget elementor-widget-heading\" data-id=\"768cc45d\" data-element_type=\"widget\" data-widget_type=\"heading.default\">\n\t\t\t\t<div class=\"elementor-widget-container\">\n\t\t\t\t\t<h2 class=\"elementor-heading-title elementor-size-default\">Formularz zapytania<\/h2>\t\t\t\t<\/div>\n\t\t\t\t<\/div>\n\t\t\t\t<div class=\"elementor-element elementor-element-1d2b89d4 elementor-button-align-start elementor-widget elementor-widget-form\" data-id=\"1d2b89d4\" data-element_type=\"widget\" data-settings=\"{&quot;step_next_label&quot;:&quot;Nast\\u0119pny&quot;,&quot;step_previous_label&quot;:&quot;Poprzedni&quot;,&quot;button_width&quot;:&quot;100&quot;,&quot;step_type&quot;:&quot;number_text&quot;,&quot;step_icon_shape&quot;:&quot;circle&quot;}\" data-widget_type=\"form.default\">\n\t\t\t\t<div class=\"elementor-widget-container\">\n\t\t\t\t\t\t\t<form class=\"elementor-form\" method=\"post\" name=\"Formularz kontaktowy - klienci biznesowi\" aria-label=\"Formularz kontaktowy - klienci biznesowi\">\n\t\t\t<input type=\"hidden\" name=\"post_id\" value=\"28061\"\/>\n\t\t\t<input type=\"hidden\" name=\"form_id\" value=\"1d2b89d4\"\/>\n\t\t\t<input type=\"hidden\" name=\"referer_title\" value=\"Wniosek dla klient\u00f3w prywatnych - ThinTanks\" \/>\n\n\t\t\t\t\t\t\t<input type=\"hidden\" name=\"queried_id\" value=\"28061\"\/>\n\t\t\t\n\t\t\t<div class=\"elementor-form-fields-wrapper elementor-labels-above\">\n\t\t\t\t\t\t\t\t<div class=\"elementor-field-type-text elementor-field-group elementor-column elementor-field-group-name elementor-col-100 elementor-field-required elementor-mark-required\">\n\t\t\t\t\t\t\t\t\t\t\t\t<label for=\"form-field-name\" class=\"elementor-field-label\">\n\t\t\t\t\t\t\t\tNazwa\t\t\t\t\t\t\t<\/label>\n\t\t\t\t\t\t\t\t\t\t\t\t\t\t<input size=\"1\" type=\"text\" name=\"form_fields[name]\" id=\"form-field-name\" class=\"elementor-field elementor-size-sm  elementor-field-textual\" placeholder=\"Imi\u0119 i nazwisko\" required=\"required\">\n\t\t\t\t\t\t\t\t\t\t\t<\/div>\n\t\t\t\t\t\t\t\t<div class=\"elementor-field-type-email elementor-field-group elementor-column elementor-field-group-email elementor-col-100 elementor-field-required elementor-mark-required\">\n\t\t\t\t\t\t\t\t\t\t\t\t<label for=\"form-field-email\" class=\"elementor-field-label\">\n\t\t\t\t\t\t\t\tE-mail\t\t\t\t\t\t\t<\/label>\n\t\t\t\t\t\t\t\t\t\t\t\t\t\t<input size=\"1\" type=\"email\" name=\"form_fields[email]\" id=\"form-field-email\" class=\"elementor-field elementor-size-sm  elementor-field-textual\" placeholder=\"Tw\u00f3j adres e-mail\" required=\"required\">\n\t\t\t\t\t\t\t\t\t\t\t<\/div>\n\t\t\t\t\t\t\t\t<div class=\"elementor-field-type-tel elementor-field-group elementor-column elementor-field-group-field_d2dab98 elementor-col-100\">\n\t\t\t\t\t\t\t\t\t\t\t\t<label for=\"form-field-field_d2dab98\" class=\"elementor-field-label\">\n\t\t\t\t\t\t\t\tTelefon\t\t\t\t\t\t\t<\/label>\n\t\t\t\t\t\t\t\t<input size=\"1\" type=\"tel\" name=\"form_fields[field_d2dab98]\" id=\"form-field-field_d2dab98\" class=\"elementor-field elementor-size-sm  elementor-field-textual\" placeholder=\"Tw\u00f3j numer telefonu (opcjonalnie)\" pattern=\"[0-9()#&amp;+*-=.]+\" title=\"Akceptowane s\u0105 jedynie cyfry i znaki telefoniczne (#,-,*).\">\n\n\t\t\t\t\t\t<\/div>\n\t\t\t\t\t\t\t\t<div class=\"elementor-field-type-checkbox elementor-field-group elementor-column elementor-field-group-field_c0f7acd elementor-col-100\">\n\t\t\t\t\t\t\t\t\t\t\t\t<label for=\"form-field-field_c0f7acd\" class=\"elementor-field-label\">\n\t\t\t\t\t\t\t\tZainteresowanie produktami\t\t\t\t\t\t\t<\/label>\n\t\t\t\t\t\t<div class=\"elementor-field-subgroup  elementor-subgroup-inline\"><span class=\"elementor-field-option\"><input type=\"checkbox\" value=\"thintanks 1000 L Seria 2\" id=\"form-field-field_c0f7acd-0\" name=\"form_fields[field_c0f7acd][]\"> <label for=\"form-field-field_c0f7acd-0\">thintanks 1000 L Seria 2<\/label><\/span><span class=\"elementor-field-option\"><input type=\"checkbox\" value=\"thintanks 2000 L\" id=\"form-field-field_c0f7acd-1\" name=\"form_fields[field_c0f7acd][]\"> <label for=\"form-field-field_c0f7acd-1\">thintanks 2000 L<\/label><\/span><span class=\"elementor-field-option\"><input type=\"checkbox\" value=\"akcesoria thintanks\" id=\"form-field-field_c0f7acd-2\" name=\"form_fields[field_c0f7acd][]\"> <label for=\"form-field-field_c0f7acd-2\">akcesoria thintanks<\/label><\/span><\/div>\t\t\t\t<\/div>\n\t\t\t\t\t\t\t\t<div class=\"elementor-field-type-textarea elementor-field-group elementor-column elementor-field-group-message elementor-col-100\">\n\t\t\t\t\t\t\t\t\t\t\t\t<label for=\"form-field-message\" class=\"elementor-field-label\">\n\t\t\t\t\t\t\t\tWiadomo\u015b\u0107\t\t\t\t\t\t\t<\/label>\n\t\t\t\t\t\t<textarea class=\"elementor-field-textual elementor-field  elementor-size-sm\" name=\"form_fields[message]\" id=\"form-field-message\" rows=\"6\" placeholder=\"Pa\u0144stwa wiadomo\u015b\u0107 (opcjonalnie)\"><\/textarea>\t\t\t\t<\/div>\n\t\t\t\t\t\t\t\t<div class=\"elementor-field-type-acceptance elementor-field-group elementor-column elementor-field-group-field_4163f71 elementor-col-100 elementor-field-required elementor-mark-required\">\n\t\t\t\t\t\t\t\t\t\t\t\t<label for=\"form-field-field_4163f71\" class=\"elementor-field-label\">\n\t\t\t\t\t\t\t\tZgoda Polityka prywatno\u015bci\t\t\t\t\t\t\t<\/label>\n\t\t\t\t\t\t\t\t<div class=\"elementor-field-subgroup\">\n\t\t\t<span class=\"elementor-field-option\">\n\t\t\t\t<input type=\"checkbox\" name=\"form_fields[field_4163f71]\" id=\"form-field-field_4163f71\" class=\"elementor-field elementor-size-sm  elementor-acceptance-field\" required=\"required\">\n\t\t\t\t<label for=\"form-field-field_4163f71\">Zgadzam si\u0119 z <a class=\"accept-privacy-policy-link\" href=\"https:\/\/www.thintanks.de\/pl\/polityka-prywatnosci\/\" target=\"_blank\">polityk\u0105 prywatno\u015bci<\/a> <\/label>\t\t\t<\/span>\n\t\t<\/div>\n\t\t\t\t\t\t<\/div>\n\t\t\t\t\t\t\t\t<div class=\"elementor-field-type-text\">\n\t\t\t\t\t<input size=\"1\" type=\"text\" name=\"form_fields[field_d1e5d41]\" id=\"form-field-field_d1e5d41\" class=\"elementor-field elementor-size-sm \" style=\"display:none !important;\">\t\t\t\t<\/div>\n\t\t\t\t\t\t\t\t<div class=\"elementor-field-group elementor-column elementor-field-type-submit elementor-col-100 e-form__buttons\">\n\t\t\t\t\t<button class=\"elementor-button elementor-size-md\" type=\"submit\">\n\t\t\t\t\t\t<span class=\"elementor-button-content-wrapper\">\n\t\t\t\t\t\t\t\t\t\t\t\t\t\t\t\t\t\t\t\t\t\t<span class=\"elementor-button-text\">Wy\u015blij<\/span>\n\t\t\t\t\t\t\t\t\t\t\t\t\t<\/span>\n\t\t\t\t\t<\/button>\n\t\t\t\t<\/div>\n\t\t\t<\/div>\n\t\t<\/form>\n\t\t\t\t\t\t<\/div>\n\t\t\t\t<\/div>\n\t\t\t\t\t<\/div>\n\t\t\t\t<\/div>\n\t\t\t\t<\/div>\n\t\t","protected":false},"excerpt":{"rendered":"<p>Odkryj thintanks dla swojego domu Dzi\u0119kujemy za zainteresowanie naszymi przyjaznymi dla \u015brodowiska zbiornikami na wod\u0119 deszczow\u0105 thintanks dla Pa\u0144stwa domu. Naszym celem jest zapewnienie Pa\u0144stwu wysokiej jako\u015bci i ekologicznych rozwi\u0105za\u0144, kt\u00f3re s\u0105 precyzyjnie dostosowane do Pa\u0144stwa indywidualnych potrzeb. Dzi\u0119ki thintankom wybieraj\u0105 Pa\u0144stwo efektywne i ekologiczne zarz\u0105dzanie wod\u0105 w domu. Prosz\u0119 skorzysta\u0107 z poni\u017cszego formularza zapytania. [&hellip;]<\/p>\n","protected":false},"author":3,"featured_media":0,"parent":0,"menu_order":0,"comment_status":"closed","ping_status":"closed","template":"","meta":{"footnotes":""},"class_list":["post-28061","page","type-page","status-publish","hentry"],"_links":{"self":[{"href":"https:\/\/www.thintanks.de\/pl\/wp-json\/wp\/v2\/pages\/28061","targetHints":{"allow":["GET"]}}],"collection":[{"href":"https:\/\/www.thintanks.de\/pl\/wp-json\/wp\/v2\/pages"}],"about":[{"href":"https:\/\/www.thintanks.de\/pl\/wp-json\/wp\/v2\/types\/page"}],"author":[{"embeddable":true,"href":"https:\/\/www.thintanks.de\/pl\/wp-json\/wp\/v2\/users\/3"}],"replies":[{"embeddable":true,"href":"https:\/\/www.thintanks.de\/pl\/wp-json\/wp\/v2\/comments?post=28061"}],"version-history":[{"count":0,"href":"https:\/\/www.thintanks.de\/pl\/wp-json\/wp\/v2\/pages\/28061\/revisions"}],"wp:attachment":[{"href":"https:\/\/www.thintanks.de\/pl\/wp-json\/wp\/v2\/media?parent=28061"}],"curies":[{"name":"wp","href":"https:\/\/api.w.org\/{rel}","templated":true}]}}