{"id":28109,"date":"2023-10-12T13:21:14","date_gmt":"2023-10-12T11:21:14","guid":{"rendered":"https:\/\/www.thintanks.de\/ziadost-pre-firemnych-zakaznikov\/"},"modified":"2023-10-27T22:42:35","modified_gmt":"2023-10-27T20:42:35","slug":"ziadost-pre-firemnych-zakaznikov","status":"publish","type":"page","link":"https:\/\/www.thintanks.de\/sk\/ziadost-pre-firemnych-zakaznikov\/","title":{"rendered":"\u017diados\u0165 pre firemn\u00fdch z\u00e1kazn\u00edkov"},"content":{"rendered":"\t\t<div data-elementor-type=\"wp-page\" data-elementor-id=\"28109\" class=\"elementor elementor-28109 elementor-27042\" data-elementor-post-type=\"page\">\n\t\t\t\t<div class=\"elementor-element elementor-element-cb938a8 e-flex e-con-boxed e-con e-parent\" data-id=\"cb938a8\" data-element_type=\"container\">\n\t\t\t\t\t<div class=\"e-con-inner\">\n\t\t\t\t<div class=\"elementor-element elementor-element-1fa3064 elementor-widget elementor-widget-heading\" data-id=\"1fa3064\" data-element_type=\"widget\" data-widget_type=\"heading.default\">\n\t\t\t\t<div class=\"elementor-widget-container\">\n\t\t\t\t\t<h2 class=\"elementor-heading-title elementor-size-default\">Objavte ThinTanks pre svoju spolo\u010dnos\u0165<\/h2>\t\t\t\t<\/div>\n\t\t\t\t<\/div>\n\t\t\t\t<div class=\"elementor-element elementor-element-e2d39cd elementor-widget elementor-widget-text-editor\" data-id=\"e2d39cd\" data-element_type=\"widget\" data-widget_type=\"text-editor.default\">\n\t\t\t\t<div class=\"elementor-widget-container\">\n\t\t\t\t\t\t\t\t\t<p>Ve\u013emi si v\u00e1\u017eime v\u00e1\u0161 z\u00e1ujem o na\u0161e <b>udr\u017eate\u013en\u00e9 n\u00e1dr\u017ee na da\u017e\u010fov\u00fa vodu ThinTanks<\/b> pre va\u0161u firmu. Na\u0161\u00edm cie\u013eom je podporova\u0165 v\u00e1s vysokokvalitn\u00fdmi a ekologick\u00fdmi rie\u0161eniami prisp\u00f4soben\u00fdmi va\u0161im \u0161pecifick\u00fdm potreb\u00e1m. S <b>n\u00e1dr\u017eami ThinTanks<\/b> si m\u00f4\u017eete vybra\u0165 efekt\u00edvne a udr\u017eate\u013en\u00e9 hospod\u00e1renie s vodou, ktor\u00e9 sp\u013a\u0148a potreby v\u00e1\u0161ho podniku.<\/p>\n<p>Na odoslanie individu\u00e1lneho dotazu je k dispoz\u00edcii nasleduj\u00faci <b>formul\u00e1r<\/b>. Na\u0161i sk\u00fasen\u00ed poradcovia sa te\u0161ia na to, \u017ee v\u00e1m poskytn\u00fa komplexn\u00fa podporu a bud\u00fa s vami spolupracova\u0165 pri h\u013eadan\u00ed optim\u00e1lneho rie\u0161enia. S <b>odborn\u00fdm poradenstvom<\/b> v\u00e1s prevedieme cel\u00fdm procesom, aby ste mali istotu, \u017ee v\u00e1m v\u00fdber prinesie maxim\u00e1lne v\u00fdhody.<\/p>\n\t\t\t\t\t\t\t\t<\/div>\n\t\t\t\t<\/div>\n\t\t\t\t\t<\/div>\n\t\t\t\t<\/div>\n\t\t<div class=\"elementor-element elementor-element-6e6daa1 e-flex e-con-boxed e-con e-parent\" data-id=\"6e6daa1\" data-element_type=\"container\">\n\t\t\t\t\t<div class=\"e-con-inner\">\n\t\t\t\t<div class=\"elementor-element elementor-element-f7aefff elementor-widget elementor-widget-heading\" data-id=\"f7aefff\" data-element_type=\"widget\" data-widget_type=\"heading.default\">\n\t\t\t\t<div class=\"elementor-widget-container\">\n\t\t\t\t\t<h2 class=\"elementor-heading-title elementor-size-default\">Formul\u00e1r na dopyt<\/h2>\t\t\t\t<\/div>\n\t\t\t\t<\/div>\n\t\t\t\t<div class=\"elementor-element elementor-element-3333735 elementor-button-align-start elementor-widget elementor-widget-form\" data-id=\"3333735\" data-element_type=\"widget\" data-settings=\"{&quot;step_next_label&quot;:&quot;\\u010eal\\u0161ie&quot;,&quot;step_previous_label&quot;:&quot;Predch\\u00e1dzaj\\u00faci&quot;,&quot;button_width&quot;:&quot;100&quot;,&quot;step_type&quot;:&quot;number_text&quot;,&quot;step_icon_shape&quot;:&quot;circle&quot;}\" data-widget_type=\"form.default\">\n\t\t\t\t<div class=\"elementor-widget-container\">\n\t\t\t\t\t\t\t<form class=\"elementor-form\" method=\"post\" name=\"Kontaktn\u00fd formul\u00e1r - Firemn\u00ed z\u00e1kazn\u00edci\" aria-label=\"Kontaktn\u00fd formul\u00e1r - Firemn\u00ed z\u00e1kazn\u00edci\">\n\t\t\t<input type=\"hidden\" name=\"post_id\" value=\"28109\"\/>\n\t\t\t<input type=\"hidden\" name=\"form_id\" value=\"3333735\"\/>\n\t\t\t<input type=\"hidden\" name=\"referer_title\" value=\"\u017diados\u0165 pre firemn\u00fdch z\u00e1kazn\u00edkov - ThinTanks\" \/>\n\n\t\t\t\t\t\t\t<input type=\"hidden\" name=\"queried_id\" value=\"28109\"\/>\n\t\t\t\n\t\t\t<div class=\"elementor-form-fields-wrapper elementor-labels-above\">\n\t\t\t\t\t\t\t\t<div class=\"elementor-field-type-text elementor-field-group elementor-column elementor-field-group-field_0756a6c elementor-col-100 elementor-field-required elementor-mark-required\">\n\t\t\t\t\t\t\t\t\t\t\t\t<label for=\"form-field-field_0756a6c\" class=\"elementor-field-label\">\n\t\t\t\t\t\t\t\tSpolo\u010dnos\u0165\t\t\t\t\t\t\t<\/label>\n\t\t\t\t\t\t\t\t\t\t\t\t\t\t<input size=\"1\" type=\"text\" name=\"form_fields[field_0756a6c]\" id=\"form-field-field_0756a6c\" class=\"elementor-field elementor-size-sm  elementor-field-textual\" placeholder=\"Va\u0161a spolo\u010dnos\u0165\" required=\"required\">\n\t\t\t\t\t\t\t\t\t\t\t<\/div>\n\t\t\t\t\t\t\t\t<div class=\"elementor-field-type-text elementor-field-group elementor-column elementor-field-group-name elementor-col-100 elementor-field-required elementor-mark-required\">\n\t\t\t\t\t\t\t\t\t\t\t\t<label for=\"form-field-name\" class=\"elementor-field-label\">\n\t\t\t\t\t\t\t\tN\u00e1zov\t\t\t\t\t\t\t<\/label>\n\t\t\t\t\t\t\t\t\t\t\t\t\t\t<input size=\"1\" type=\"text\" name=\"form_fields[name]\" id=\"form-field-name\" class=\"elementor-field elementor-size-sm  elementor-field-textual\" placeholder=\"Va\u0161e meno\" required=\"required\">\n\t\t\t\t\t\t\t\t\t\t\t<\/div>\n\t\t\t\t\t\t\t\t<div class=\"elementor-field-type-email elementor-field-group elementor-column elementor-field-group-email elementor-col-100 elementor-field-required elementor-mark-required\">\n\t\t\t\t\t\t\t\t\t\t\t\t<label for=\"form-field-email\" class=\"elementor-field-label\">\n\t\t\t\t\t\t\t\tE-mail\t\t\t\t\t\t\t<\/label>\n\t\t\t\t\t\t\t\t\t\t\t\t\t\t<input size=\"1\" type=\"email\" name=\"form_fields[email]\" id=\"form-field-email\" class=\"elementor-field elementor-size-sm  elementor-field-textual\" placeholder=\"Va\u0161a e-mailov\u00e1 adresa\" required=\"required\">\n\t\t\t\t\t\t\t\t\t\t\t<\/div>\n\t\t\t\t\t\t\t\t<div class=\"elementor-field-type-tel elementor-field-group elementor-column elementor-field-group-field_d2dab98 elementor-col-100\">\n\t\t\t\t\t\t\t\t\t\t\t\t<label for=\"form-field-field_d2dab98\" class=\"elementor-field-label\">\n\t\t\t\t\t\t\t\tTelef\u00f3n\t\t\t\t\t\t\t<\/label>\n\t\t\t\t\t\t\t\t<input size=\"1\" type=\"tel\" name=\"form_fields[field_d2dab98]\" id=\"form-field-field_d2dab98\" class=\"elementor-field elementor-size-sm  elementor-field-textual\" placeholder=\"Va\u0161e telef\u00f3nne \u010d\u00edslo (nepovinn\u00e9)\" pattern=\"[0-9()#&amp;+*-=.]+\" title=\"Pros\u00ed zad\u00e1vajte iba \u010d\u00edsla alebo tieto znaky #, -, *,\">\n\n\t\t\t\t\t\t<\/div>\n\t\t\t\t\t\t\t\t<div class=\"elementor-field-type-checkbox elementor-field-group elementor-column elementor-field-group-field_c0f7acd elementor-col-100\">\n\t\t\t\t\t\t\t\t\t\t\t\t<label for=\"form-field-field_c0f7acd\" class=\"elementor-field-label\">\n\t\t\t\t\t\t\t\tZ\u00e1ujem o produkty\t\t\t\t\t\t\t<\/label>\n\t\t\t\t\t\t<div class=\"elementor-field-subgroup  elementor-subgroup-inline\"><span class=\"elementor-field-option\"><input type=\"checkbox\" value=\"N\u00e1dr\u017ee 1000 L s\u00e9rie 2\" id=\"form-field-field_c0f7acd-0\" name=\"form_fields[field_c0f7acd][]\"> <label for=\"form-field-field_c0f7acd-0\">N\u00e1dr\u017ee 1000 L s\u00e9rie 2<\/label><\/span><span class=\"elementor-field-option\"><input type=\"checkbox\" value=\"tenk\u00e9 n\u00e1dr\u017ee 2000 L\" id=\"form-field-field_c0f7acd-1\" name=\"form_fields[field_c0f7acd][]\"> <label for=\"form-field-field_c0f7acd-1\">tenk\u00e9 n\u00e1dr\u017ee 2000 L<\/label><\/span><span class=\"elementor-field-option\"><input type=\"checkbox\" value=\"pr\u00edslu\u0161enstvo k n\u00e1dr\u017eiam\" id=\"form-field-field_c0f7acd-2\" name=\"form_fields[field_c0f7acd][]\"> <label for=\"form-field-field_c0f7acd-2\">pr\u00edslu\u0161enstvo k n\u00e1dr\u017eiam<\/label><\/span><\/div>\t\t\t\t<\/div>\n\t\t\t\t\t\t\t\t<div class=\"elementor-field-type-textarea elementor-field-group elementor-column elementor-field-group-message elementor-col-100\">\n\t\t\t\t\t\t\t\t\t\t\t\t<label for=\"form-field-message\" class=\"elementor-field-label\">\n\t\t\t\t\t\t\t\tSpr\u00e1va\t\t\t\t\t\t\t<\/label>\n\t\t\t\t\t\t<textarea class=\"elementor-field-textual elementor-field  elementor-size-sm\" name=\"form_fields[message]\" id=\"form-field-message\" rows=\"6\" placeholder=\"Va\u0161a spr\u00e1va (nepovinn\u00e9)\"><\/textarea>\t\t\t\t<\/div>\n\t\t\t\t\t\t\t\t<div class=\"elementor-field-type-acceptance elementor-field-group elementor-column elementor-field-group-field_4163f71 elementor-col-100 elementor-field-required elementor-mark-required\">\n\t\t\t\t\t\t\t\t\t\t\t\t<label for=\"form-field-field_4163f71\" class=\"elementor-field-label\">\n\t\t\t\t\t\t\t\tZ\u00e1sady ochrany osobn\u00fdch \u00fadajov so s\u00fahlasom\t\t\t\t\t\t\t<\/label>\n\t\t\t\t\t\t\t\t<div class=\"elementor-field-subgroup\">\n\t\t\t<span class=\"elementor-field-option\">\n\t\t\t\t<input type=\"checkbox\" name=\"form_fields[field_4163f71]\" id=\"form-field-field_4163f71\" class=\"elementor-field elementor-size-sm  elementor-acceptance-field\" required=\"required\">\n\t\t\t\t<label for=\"form-field-field_4163f71\">S\u00fahlas\u00edm so <a class=\"accept-privacy-policy-link\" href=\"https:\/\/www.thintanks.de\/sk\/zasady-ochrany-osobnych-udajov\/\" target=\"_blank\">z\u00e1sadami ochrany osobn\u00fdch \u00fadajov<\/a> <\/label>\t\t\t<\/span>\n\t\t<\/div>\n\t\t\t\t\t\t<\/div>\n\t\t\t\t\t\t\t\t<div class=\"elementor-field-type-text\">\n\t\t\t\t\t<input size=\"1\" type=\"text\" name=\"form_fields[field_d1e5d41]\" id=\"form-field-field_d1e5d41\" class=\"elementor-field elementor-size-sm \" style=\"display:none !important;\">\t\t\t\t<\/div>\n\t\t\t\t\t\t\t\t<div class=\"elementor-field-group elementor-column elementor-field-type-submit elementor-col-100 e-form__buttons\">\n\t\t\t\t\t<button class=\"elementor-button elementor-size-md\" type=\"submit\">\n\t\t\t\t\t\t<span class=\"elementor-button-content-wrapper\">\n\t\t\t\t\t\t\t\t\t\t\t\t\t\t\t\t\t\t\t\t\t\t<span class=\"elementor-button-text\">Odosla\u0165<\/span>\n\t\t\t\t\t\t\t\t\t\t\t\t\t<\/span>\n\t\t\t\t\t<\/button>\n\t\t\t\t<\/div>\n\t\t\t<\/div>\n\t\t<\/form>\n\t\t\t\t\t\t<\/div>\n\t\t\t\t<\/div>\n\t\t\t\t\t<\/div>\n\t\t\t\t<\/div>\n\t\t\t\t<\/div>\n\t\t","protected":false},"excerpt":{"rendered":"<p>Objavte ThinTanks pre svoju spolo\u010dnos\u0165 Ve\u013emi si v\u00e1\u017eime v\u00e1\u0161 z\u00e1ujem o na\u0161e udr\u017eate\u013en\u00e9 n\u00e1dr\u017ee na da\u017e\u010fov\u00fa vodu ThinTanks pre va\u0161u firmu. Na\u0161\u00edm cie\u013eom je podporova\u0165 v\u00e1s vysokokvalitn\u00fdmi a ekologick\u00fdmi rie\u0161eniami prisp\u00f4soben\u00fdmi va\u0161im \u0161pecifick\u00fdm potreb\u00e1m. S n\u00e1dr\u017eami ThinTanks si m\u00f4\u017eete vybra\u0165 efekt\u00edvne a udr\u017eate\u013en\u00e9 hospod\u00e1renie s vodou, ktor\u00e9 sp\u013a\u0148a potreby v\u00e1\u0161ho podniku. Na odoslanie individu\u00e1lneho dotazu [&hellip;]<\/p>\n","protected":false},"author":3,"featured_media":0,"parent":0,"menu_order":0,"comment_status":"closed","ping_status":"closed","template":"","meta":{"footnotes":""},"class_list":["post-28109","page","type-page","status-publish","hentry"],"_links":{"self":[{"href":"https:\/\/www.thintanks.de\/sk\/wp-json\/wp\/v2\/pages\/28109","targetHints":{"allow":["GET"]}}],"collection":[{"href":"https:\/\/www.thintanks.de\/sk\/wp-json\/wp\/v2\/pages"}],"about":[{"href":"https:\/\/www.thintanks.de\/sk\/wp-json\/wp\/v2\/types\/page"}],"author":[{"embeddable":true,"href":"https:\/\/www.thintanks.de\/sk\/wp-json\/wp\/v2\/users\/3"}],"replies":[{"embeddable":true,"href":"https:\/\/www.thintanks.de\/sk\/wp-json\/wp\/v2\/comments?post=28109"}],"version-history":[{"count":0,"href":"https:\/\/www.thintanks.de\/sk\/wp-json\/wp\/v2\/pages\/28109\/revisions"}],"wp:attachment":[{"href":"https:\/\/www.thintanks.de\/sk\/wp-json\/wp\/v2\/media?parent=28109"}],"curies":[{"name":"wp","href":"https:\/\/api.w.org\/{rel}","templated":true}]}}