{"id":28122,"date":"2023-10-13T00:07:55","date_gmt":"2023-10-12T22:07:55","guid":{"rendered":"https:\/\/www.thintanks.de\/archivny-clanok-gd\/"},"modified":"2023-11-01T15:12:24","modified_gmt":"2023-11-01T14:12:24","slug":"archivny-clanok-gd","status":"publish","type":"page","link":"https:\/\/www.thintanks.de\/sk\/archivny-clanok-gd\/","title":{"rendered":"Arch\u00edvny \u010dl\u00e1nok GD"},"content":{"rendered":"\n<div class=\"card p-0 mw-100 h-100 \"><div class=\"card-img-top overflow-hidden position-relative  \"><\/div><div class=\"card-body p-2  \"><div class=\"geodir-post-title bsui sdel-caa60b10\" ><h2 class=\"geodir-entry-title  h5 \"><a href=\"https:\/\/www.thintanks.de\/sk\/archivny-clanok-gd\/\" class=\"\" title=\"View: Arch\u00edvny \u010dl\u00e1nok GD\">Arch\u00edvny \u010dl\u00e1nok GD<\/a><\/h2><\/div><div class=\"geodir-post-content-container bsui sdel-1e477937\" >id is missing<\/div><\/div><div class=\"card-footer p-2  border border-primaryborder-left-0 border-right-0 border-bottom-0\"><div class='d-flex justify-content-between align-items-center flex-wrap'><div><\/div><div><\/div><div><\/div><div><\/div><div><\/div><\/div><\/div><\/div>\n","protected":false},"excerpt":{"rendered":"","protected":false},"author":3,"featured_media":0,"parent":0,"menu_order":0,"comment_status":"closed","ping_status":"closed","template":"","meta":{"footnotes":""},"class_list":["post-28122","page","type-page","status-publish","hentry"],"_links":{"self":[{"href":"https:\/\/www.thintanks.de\/sk\/wp-json\/wp\/v2\/pages\/28122","targetHints":{"allow":["GET"]}}],"collection":[{"href":"https:\/\/www.thintanks.de\/sk\/wp-json\/wp\/v2\/pages"}],"about":[{"href":"https:\/\/www.thintanks.de\/sk\/wp-json\/wp\/v2\/types\/page"}],"author":[{"embeddable":true,"href":"https:\/\/www.thintanks.de\/sk\/wp-json\/wp\/v2\/users\/3"}],"replies":[{"embeddable":true,"href":"https:\/\/www.thintanks.de\/sk\/wp-json\/wp\/v2\/comments?post=28122"}],"version-history":[{"count":0,"href":"https:\/\/www.thintanks.de\/sk\/wp-json\/wp\/v2\/pages\/28122\/revisions"}],"wp:attachment":[{"href":"https:\/\/www.thintanks.de\/sk\/wp-json\/wp\/v2\/media?parent=28122"}],"curies":[{"name":"wp","href":"https:\/\/api.w.org\/{rel}","templated":true}]}}