{"id":28127,"date":"2023-10-23T22:04:36","date_gmt":"2023-10-23T20:04:36","guid":{"rendered":"https:\/\/www.thintanks.de\/ziadost-pre-sukromnych-zakaznikov\/"},"modified":"2023-10-27T22:40:20","modified_gmt":"2023-10-27T20:40:20","slug":"ziadost-pre-sukromnych-zakaznikov","status":"publish","type":"page","link":"https:\/\/www.thintanks.de\/sk\/ziadost-pre-sukromnych-zakaznikov\/","title":{"rendered":"\u017diados\u0165 pre s\u00fakromn\u00fdch z\u00e1kazn\u00edkov"},"content":{"rendered":"\t\t<div data-elementor-type=\"wp-page\" data-elementor-id=\"28127\" class=\"elementor elementor-28127 elementor-28055\" data-elementor-post-type=\"page\">\n\t\t\t\t<div class=\"elementor-element elementor-element-f0fc407 e-flex e-con-boxed e-con e-parent\" data-id=\"f0fc407\" data-element_type=\"container\">\n\t\t\t\t\t<div class=\"e-con-inner\">\n\t\t\t\t<div class=\"elementor-element elementor-element-354e48ee elementor-widget elementor-widget-heading\" data-id=\"354e48ee\" data-element_type=\"widget\" data-widget_type=\"heading.default\">\n\t\t\t\t<div class=\"elementor-widget-container\">\n\t\t\t\t\t<h2 class=\"elementor-heading-title elementor-size-default\">Objavte tenk\u00e9 n\u00e1dr\u017ee pre svoj domov<\/h2>\t\t\t\t<\/div>\n\t\t\t\t<\/div>\n\t\t\t\t<div class=\"elementor-element elementor-element-6c6a7607 elementor-widget elementor-widget-text-editor\" data-id=\"6c6a7607\" data-element_type=\"widget\" data-widget_type=\"text-editor.default\">\n\t\t\t\t<div class=\"elementor-widget-container\">\n\t\t\t\t\t\t\t\t\t<p>\u010eakujeme v\u00e1m za v\u00e1\u0161 z\u00e1ujem o na\u0161e ekologick\u00e9 n\u00e1dr\u017ee na da\u017e\u010fov\u00fa vodu <b>ThinTanks<\/b> pre v\u00e1\u0161 domov. Na\u0161\u00edm cie\u013eom je poskytn\u00fa\u0165 v\u00e1m vysokokvalitn\u00e9 a ekologick\u00e9 rie\u0161enia, ktor\u00e9 s\u00fa presne prisp\u00f4soben\u00e9 va\u0161im individu\u00e1lnym potreb\u00e1m. S n\u00e1dr\u017eami ThinTanks si m\u00f4\u017eete vybra\u0165 efekt\u00edvne a <b>ekologick\u00e9 hospod\u00e1renie s vodou v dom\u00e1cnosti<\/b>.<\/p>\n<p>Na osobn\u00fa \u017eiados\u0165 pou\u017eite ni\u017e\u0161ie uveden\u00fd formul\u00e1r. Na\u0161i odborn\u00ed poradcovia v\u00e1s s nad\u0161en\u00edm podrobne podporia a spolu s vami n\u00e1jdu najlep\u0161ie mo\u017en\u00e9 rie\u0161enie. S <b>odborn\u00fdm poradenstvom<\/b> v\u00e1m pom\u00f4\u017eeme pri v\u00fdbere, aby ste zo svojho rozhodnutia vy\u0165a\u017eili \u010do najviac.<\/p>\n\t\t\t\t\t\t\t\t<\/div>\n\t\t\t\t<\/div>\n\t\t\t\t\t<\/div>\n\t\t\t\t<\/div>\n\t\t<div class=\"elementor-element elementor-element-10f78324 e-flex e-con-boxed e-con e-parent\" data-id=\"10f78324\" data-element_type=\"container\">\n\t\t\t\t\t<div class=\"e-con-inner\">\n\t\t\t\t<div class=\"elementor-element elementor-element-768cc45d elementor-widget elementor-widget-heading\" data-id=\"768cc45d\" data-element_type=\"widget\" data-widget_type=\"heading.default\">\n\t\t\t\t<div class=\"elementor-widget-container\">\n\t\t\t\t\t<h2 class=\"elementor-heading-title elementor-size-default\">Formul\u00e1r na dopyt<\/h2>\t\t\t\t<\/div>\n\t\t\t\t<\/div>\n\t\t\t\t<div class=\"elementor-element elementor-element-1d2b89d4 elementor-button-align-start elementor-widget elementor-widget-form\" data-id=\"1d2b89d4\" data-element_type=\"widget\" data-settings=\"{&quot;step_next_label&quot;:&quot;\\u010eal\\u0161ie&quot;,&quot;step_previous_label&quot;:&quot;Predch\\u00e1dzaj\\u00faci&quot;,&quot;button_width&quot;:&quot;100&quot;,&quot;step_type&quot;:&quot;number_text&quot;,&quot;step_icon_shape&quot;:&quot;circle&quot;}\" data-widget_type=\"form.default\">\n\t\t\t\t<div class=\"elementor-widget-container\">\n\t\t\t\t\t\t\t<form class=\"elementor-form\" method=\"post\" name=\"Kontaktn\u00fd formul\u00e1r - Firemn\u00ed z\u00e1kazn\u00edci\" aria-label=\"Kontaktn\u00fd formul\u00e1r - Firemn\u00ed z\u00e1kazn\u00edci\">\n\t\t\t<input type=\"hidden\" name=\"post_id\" value=\"28127\"\/>\n\t\t\t<input type=\"hidden\" name=\"form_id\" value=\"1d2b89d4\"\/>\n\t\t\t<input type=\"hidden\" name=\"referer_title\" value=\"\u017diados\u0165 pre s\u00fakromn\u00fdch z\u00e1kazn\u00edkov - ThinTanks\" \/>\n\n\t\t\t\t\t\t\t<input type=\"hidden\" name=\"queried_id\" value=\"28127\"\/>\n\t\t\t\n\t\t\t<div class=\"elementor-form-fields-wrapper elementor-labels-above\">\n\t\t\t\t\t\t\t\t<div class=\"elementor-field-type-text elementor-field-group elementor-column elementor-field-group-name elementor-col-100 elementor-field-required elementor-mark-required\">\n\t\t\t\t\t\t\t\t\t\t\t\t<label for=\"form-field-name\" class=\"elementor-field-label\">\n\t\t\t\t\t\t\t\tN\u00e1zov\t\t\t\t\t\t\t<\/label>\n\t\t\t\t\t\t\t\t\t\t\t\t\t\t<input size=\"1\" type=\"text\" name=\"form_fields[name]\" id=\"form-field-name\" class=\"elementor-field elementor-size-sm  elementor-field-textual\" placeholder=\"Va\u0161e meno\" required=\"required\">\n\t\t\t\t\t\t\t\t\t\t\t<\/div>\n\t\t\t\t\t\t\t\t<div class=\"elementor-field-type-email elementor-field-group elementor-column elementor-field-group-email elementor-col-100 elementor-field-required elementor-mark-required\">\n\t\t\t\t\t\t\t\t\t\t\t\t<label for=\"form-field-email\" class=\"elementor-field-label\">\n\t\t\t\t\t\t\t\tE-mail\t\t\t\t\t\t\t<\/label>\n\t\t\t\t\t\t\t\t\t\t\t\t\t\t<input size=\"1\" type=\"email\" name=\"form_fields[email]\" id=\"form-field-email\" class=\"elementor-field elementor-size-sm  elementor-field-textual\" placeholder=\"Va\u0161a e-mailov\u00e1 adresa\" required=\"required\">\n\t\t\t\t\t\t\t\t\t\t\t<\/div>\n\t\t\t\t\t\t\t\t<div class=\"elementor-field-type-tel elementor-field-group elementor-column elementor-field-group-field_d2dab98 elementor-col-100\">\n\t\t\t\t\t\t\t\t\t\t\t\t<label for=\"form-field-field_d2dab98\" class=\"elementor-field-label\">\n\t\t\t\t\t\t\t\tTelef\u00f3n\t\t\t\t\t\t\t<\/label>\n\t\t\t\t\t\t\t\t<input size=\"1\" type=\"tel\" name=\"form_fields[field_d2dab98]\" id=\"form-field-field_d2dab98\" class=\"elementor-field elementor-size-sm  elementor-field-textual\" placeholder=\"Va\u0161e telef\u00f3nne \u010d\u00edslo (nepovinn\u00e9)\" pattern=\"[0-9()#&amp;+*-=.]+\" title=\"Pros\u00ed zad\u00e1vajte iba \u010d\u00edsla alebo tieto znaky #, -, *,\">\n\n\t\t\t\t\t\t<\/div>\n\t\t\t\t\t\t\t\t<div class=\"elementor-field-type-checkbox elementor-field-group elementor-column elementor-field-group-field_c0f7acd elementor-col-100\">\n\t\t\t\t\t\t\t\t\t\t\t\t<label for=\"form-field-field_c0f7acd\" class=\"elementor-field-label\">\n\t\t\t\t\t\t\t\tZ\u00e1ujem o produkty\t\t\t\t\t\t\t<\/label>\n\t\t\t\t\t\t<div class=\"elementor-field-subgroup  elementor-subgroup-inline\"><span class=\"elementor-field-option\"><input type=\"checkbox\" value=\"N\u00e1dr\u017ee 1000 L s\u00e9rie 2\" id=\"form-field-field_c0f7acd-0\" name=\"form_fields[field_c0f7acd][]\"> <label for=\"form-field-field_c0f7acd-0\">N\u00e1dr\u017ee 1000 L s\u00e9rie 2<\/label><\/span><span class=\"elementor-field-option\"><input type=\"checkbox\" value=\"tenk\u00e9 n\u00e1dr\u017ee 2000 L\" id=\"form-field-field_c0f7acd-1\" name=\"form_fields[field_c0f7acd][]\"> <label for=\"form-field-field_c0f7acd-1\">tenk\u00e9 n\u00e1dr\u017ee 2000 L<\/label><\/span><span class=\"elementor-field-option\"><input type=\"checkbox\" value=\"pr\u00edslu\u0161enstvo k n\u00e1dr\u017eiam\" id=\"form-field-field_c0f7acd-2\" name=\"form_fields[field_c0f7acd][]\"> <label for=\"form-field-field_c0f7acd-2\">pr\u00edslu\u0161enstvo k n\u00e1dr\u017eiam<\/label><\/span><\/div>\t\t\t\t<\/div>\n\t\t\t\t\t\t\t\t<div class=\"elementor-field-type-textarea elementor-field-group elementor-column elementor-field-group-message elementor-col-100\">\n\t\t\t\t\t\t\t\t\t\t\t\t<label for=\"form-field-message\" class=\"elementor-field-label\">\n\t\t\t\t\t\t\t\tSpr\u00e1va\t\t\t\t\t\t\t<\/label>\n\t\t\t\t\t\t<textarea class=\"elementor-field-textual elementor-field  elementor-size-sm\" name=\"form_fields[message]\" id=\"form-field-message\" rows=\"6\" placeholder=\"Va\u0161a spr\u00e1va (nepovinn\u00e9)\"><\/textarea>\t\t\t\t<\/div>\n\t\t\t\t\t\t\t\t<div class=\"elementor-field-type-acceptance elementor-field-group elementor-column elementor-field-group-field_4163f71 elementor-col-100 elementor-field-required elementor-mark-required\">\n\t\t\t\t\t\t\t\t\t\t\t\t<label for=\"form-field-field_4163f71\" class=\"elementor-field-label\">\n\t\t\t\t\t\t\t\tZ\u00e1sady ochrany osobn\u00fdch \u00fadajov so s\u00fahlasom\t\t\t\t\t\t\t<\/label>\n\t\t\t\t\t\t\t\t<div class=\"elementor-field-subgroup\">\n\t\t\t<span class=\"elementor-field-option\">\n\t\t\t\t<input type=\"checkbox\" name=\"form_fields[field_4163f71]\" id=\"form-field-field_4163f71\" class=\"elementor-field elementor-size-sm  elementor-acceptance-field\" required=\"required\">\n\t\t\t\t<label for=\"form-field-field_4163f71\">S\u00fahlas\u00edm so <a class=\"accept-privacy-policy-link\" href=\"https:\/\/www.thintanks.de\/sk\/zasady-ochrany-osobnych-udajov\/\" target=\"_blank\">z\u00e1sadami ochrany osobn\u00fdch \u00fadajov<\/a> <\/label>\t\t\t<\/span>\n\t\t<\/div>\n\t\t\t\t\t\t<\/div>\n\t\t\t\t\t\t\t\t<div class=\"elementor-field-type-text\">\n\t\t\t\t\t<input size=\"1\" type=\"text\" name=\"form_fields[field_d1e5d41]\" id=\"form-field-field_d1e5d41\" class=\"elementor-field elementor-size-sm \" style=\"display:none !important;\">\t\t\t\t<\/div>\n\t\t\t\t\t\t\t\t<div class=\"elementor-field-group elementor-column elementor-field-type-submit elementor-col-100 e-form__buttons\">\n\t\t\t\t\t<button class=\"elementor-button elementor-size-md\" type=\"submit\">\n\t\t\t\t\t\t<span class=\"elementor-button-content-wrapper\">\n\t\t\t\t\t\t\t\t\t\t\t\t\t\t\t\t\t\t\t\t\t\t<span class=\"elementor-button-text\">Odosla\u0165<\/span>\n\t\t\t\t\t\t\t\t\t\t\t\t\t<\/span>\n\t\t\t\t\t<\/button>\n\t\t\t\t<\/div>\n\t\t\t<\/div>\n\t\t<\/form>\n\t\t\t\t\t\t<\/div>\n\t\t\t\t<\/div>\n\t\t\t\t\t<\/div>\n\t\t\t\t<\/div>\n\t\t\t\t<\/div>\n\t\t","protected":false},"excerpt":{"rendered":"<p>Objavte tenk\u00e9 n\u00e1dr\u017ee pre svoj domov \u010eakujeme v\u00e1m za v\u00e1\u0161 z\u00e1ujem o na\u0161e ekologick\u00e9 n\u00e1dr\u017ee na da\u017e\u010fov\u00fa vodu ThinTanks pre v\u00e1\u0161 domov. Na\u0161\u00edm cie\u013eom je poskytn\u00fa\u0165 v\u00e1m vysokokvalitn\u00e9 a ekologick\u00e9 rie\u0161enia, ktor\u00e9 s\u00fa presne prisp\u00f4soben\u00e9 va\u0161im individu\u00e1lnym potreb\u00e1m. S n\u00e1dr\u017eami ThinTanks si m\u00f4\u017eete vybra\u0165 efekt\u00edvne a ekologick\u00e9 hospod\u00e1renie s vodou v dom\u00e1cnosti. Na osobn\u00fa \u017eiados\u0165 [&hellip;]<\/p>\n","protected":false},"author":3,"featured_media":0,"parent":0,"menu_order":0,"comment_status":"closed","ping_status":"closed","template":"","meta":{"footnotes":""},"class_list":["post-28127","page","type-page","status-publish","hentry"],"_links":{"self":[{"href":"https:\/\/www.thintanks.de\/sk\/wp-json\/wp\/v2\/pages\/28127","targetHints":{"allow":["GET"]}}],"collection":[{"href":"https:\/\/www.thintanks.de\/sk\/wp-json\/wp\/v2\/pages"}],"about":[{"href":"https:\/\/www.thintanks.de\/sk\/wp-json\/wp\/v2\/types\/page"}],"author":[{"embeddable":true,"href":"https:\/\/www.thintanks.de\/sk\/wp-json\/wp\/v2\/users\/3"}],"replies":[{"embeddable":true,"href":"https:\/\/www.thintanks.de\/sk\/wp-json\/wp\/v2\/comments?post=28127"}],"version-history":[{"count":0,"href":"https:\/\/www.thintanks.de\/sk\/wp-json\/wp\/v2\/pages\/28127\/revisions"}],"wp:attachment":[{"href":"https:\/\/www.thintanks.de\/sk\/wp-json\/wp\/v2\/media?parent=28127"}],"curies":[{"name":"wp","href":"https:\/\/api.w.org\/{rel}","templated":true}]}}